{"id":1351,"date":"2021-04-14T11:58:39","date_gmt":"2021-04-14T11:58:39","guid":{"rendered":"https:\/\/zurich-plastics.aw003.de\/?page_id=1351"},"modified":"2021-05-11T09:28:22","modified_gmt":"2021-05-11T09:28:22","slug":"men","status":"publish","type":"page","link":"https:\/\/zurichplastics.com\/en\/blog\/men\/","title":{"rendered":"Men"},"content":{"rendered":"<p>[et_pb_section fb_built=&#8221;1&#8243; module_class=&#8221;beitrags-uebersicht&#8221; _builder_version=&#8221;4.1&#8243;][et_pb_row _builder_version=&#8221;4.1&#8243;][et_pb_column type=&#8221;4_4&#8243; _builder_version=&#8221;4.1&#8243;][et_pb_text admin_label=&#8221;Filter&#8221; module_class=&#8221;filter-blog&#8221; _builder_version=&#8221;4.1&#8243;]Filter:<a href=\"\/en\/blog\/\">Alle<\/a><a href=\"\/en\/blog\/body\/\">Body<\/a><a href=\"\/en\/blog\/face\/\">Face<\/a><a href=\"\/en\/blog\/men\/\" class=\"active\">Men<\/a><a href=\"\/en\/blog\/nutrition\/\">Nutrition<\/a><a href=\"\/en\/blog\/zurich-plastics-news\/\">Zurich Plastics News<\/a>[\/et_pb_text][et_pb_blog fullwidth=&#8221;off&#8221; posts_number=&#8221;50&#8243; include_categories=&#8221;21&#8243; use_manual_excerpt=&#8221;off&#8221; show_author=&#8221;off&#8221; show_excerpt=&#8221;off&#8221; _builder_version=&#8221;4.1&#8243;][\/et_pb_blog][\/et_pb_column][\/et_pb_row][\/et_pb_section][et_pb_section fb_built=&#8221;1&#8243; module_class=&#8221;section-mitgliedschaften&#8221; _builder_version=&#8221;4.1&#8243;][et_pb_row _builder_version=&#8221;4.1&#8243;][et_pb_column type=&#8221;4_4&#8243; _builder_version=&#8221;4.1&#8243;][et_pb_image src=&#8221;<a href=\"https:\/\/zurichplastics.com\/wp-content\/uploads\/2021\/02\/logo-zurich-plastics-footer.png&#038;#8221\">https:\/\/zurichplastics.com\/wp-content\/uploads\/2021\/02\/logo-zurich-plastics-footer.png&#038;#8221<\/a>; align=&#8221;center&#8221; _builder_version=&#8221;4.1&#8243;][\/et_pb_image][et_pb_text _builder_version=&#8221;4.1&#8243;]Griechische \u00c4sthetik, Deutsche Qualit\u00e4t und Schweizer Pr\u00e4zision.[\/et_pb_text][\/et_pb_column][\/et_pb_row][\/et_pb_section]<\/p>\n","protected":false},"excerpt":{"rendered":"<p>Filter:AlleBodyFaceMenNutritionZurich Plastics NewsGriechische \u00c4sthetik, Deutsche Qualit\u00e4t und Schweizer Pr\u00e4zision.<\/p>\n","protected":false},"author":3,"featured_media":0,"parent":1163,"menu_order":40,"comment_status":"closed","ping_status":"closed","template":"unterseite-ohne-bild.php","meta":{"_acf_changed":false,"_et_pb_use_builder":"on","_et_pb_old_content":"[et_pb_section fb_built=\"1\" module_class=\"beitrags-uebersicht\" _builder_version=\"4.1\"][et_pb_row _builder_version=\"4.1\"][et_pb_column type=\"4_4\" _builder_version=\"4.1\"][et_pb_text admin_label=\"Filter\" module_class=\"filter-blog\" _builder_version=\"4.1\" hover_enabled=\"0\"]Filter:<a href=\"\/blog\/\">Alle<\/a><a href=\"\/blog\/body\/\" class=\"active\">Body<\/a><a href=\"\/blog\/face\/\">Face<\/a><a href=\"\/blog\/zurich-plastics-news\/\">Zurich Plastics News<\/a>[\/et_pb_text][et_pb_blog fullwidth=\"off\" posts_number=\"50\" include_categories=\"7\" use_manual_excerpt=\"off\" show_author=\"off\" show_excerpt=\"off\" _builder_version=\"4.1\"][\/et_pb_blog][\/et_pb_column][\/et_pb_row][\/et_pb_section][et_pb_section fb_built=\"1\" module_class=\"section-mitgliedschaften\" _builder_version=\"4.1\"][et_pb_row _builder_version=\"4.1\"][et_pb_column type=\"4_4\" _builder_version=\"4.1\"][et_pb_image src=\"https:\/\/zurichplastics.com\/wp-content\/uploads\/2021\/02\/logo-zurich-plastics-footer.png\" align=\"center\" _builder_version=\"4.1\"][\/et_pb_image][et_pb_text _builder_version=\"4.1\"]Griechische \u00c4sthetik, Deutsche Qualit\u00e4t und Schweizer Pr\u00e4zision.[\/et_pb_text][\/et_pb_column][\/et_pb_row][\/et_pb_section]","_et_gb_content_width":"","_crdt_document":"","inline_featured_image":false,"footnotes":""},"class_list":["post-1351","page","type-page","status-publish","hentry"],"acf":[],"aioseo_notices":[],"jetpack_sharing_enabled":true,"jetpack_shortlink":"https:\/\/wp.me\/PgBsGD-lN","_links":{"self":[{"href":"https:\/\/zurichplastics.com\/en\/wp-json\/wp\/v2\/pages\/1351","targetHints":{"allow":["GET"]}}],"collection":[{"href":"https:\/\/zurichplastics.com\/en\/wp-json\/wp\/v2\/pages"}],"about":[{"href":"https:\/\/zurichplastics.com\/en\/wp-json\/wp\/v2\/types\/page"}],"author":[{"embeddable":true,"href":"https:\/\/zurichplastics.com\/en\/wp-json\/wp\/v2\/users\/3"}],"replies":[{"embeddable":true,"href":"https:\/\/zurichplastics.com\/en\/wp-json\/wp\/v2\/comments?post=1351"}],"version-history":[{"count":0,"href":"https:\/\/zurichplastics.com\/en\/wp-json\/wp\/v2\/pages\/1351\/revisions"}],"up":[{"embeddable":true,"href":"https:\/\/zurichplastics.com\/en\/wp-json\/wp\/v2\/pages\/1163"}],"wp:attachment":[{"href":"https:\/\/zurichplastics.com\/en\/wp-json\/wp\/v2\/media?parent=1351"}],"curies":[{"name":"wp","href":"https:\/\/api.w.org\/{rel}","templated":true}]}}