{"id":338,"date":"2021-03-11T11:56:18","date_gmt":"2021-03-11T11:56:18","guid":{"rendered":"https:\/\/zurich-plastics.aw003.de\/?page_id=338"},"modified":"2026-01-14T09:13:48","modified_gmt":"2026-01-14T09:13:48","slug":"ceo-medical-director","status":"publish","type":"page","link":"https:\/\/zurichplastics.com\/en\/ceo-medical-director\/","title":{"rendered":"CEO &#038; Medical Director"},"content":{"rendered":"<p>[et_pb_section fb_built=&#8221;1&#8243; disabled_on=&#8221;on|off|off&#8221; _builder_version=&#8221;4.16&#8243; global_colors_info=&#8221;{}&#8221;][et_pb_row _builder_version=&#8221;4.16&#8243; global_colors_info=&#8221;{}&#8221;][et_pb_column type=&#8221;4_4&#8243; _builder_version=&#8221;4.16&#8243; global_colors_info=&#8221;{}&#8221;][et_pb_text admin_label=&#8221;Anker&#8221; module_class=&#8221;ankerliste&#8221; _builder_version=&#8221;4.16&#8243; global_colors_info=&#8221;{}&#8221;]<\/p>\n<h2>About<\/h2>\n<ul>\n<li><a href=\"\/en\/ceo-medical-director\/\" class=\"active\">CEO &#038; Medical Director<\/a><\/li>\n<li><a href=\"\/en\/the-practice\/\">The Practice<\/a><\/li>\n<li><a href=\"\/en\/the-philosophy\/\">The Philosophy<\/a><\/li>\n<\/ul>\n<p>[\/et_pb_text][\/et_pb_column][\/et_pb_row][\/et_pb_section][et_pb_section fb_built=&#8221;1&#8243; _builder_version=&#8221;4.16&#8243; global_colors_info=&#8221;{}&#8221;][et_pb_row column_structure=&#8221;2_5,3_5&#8243; _builder_version=&#8221;4.16&#8243; global_colors_info=&#8221;{}&#8221;][et_pb_column type=&#8221;2_5&#8243; _builder_version=&#8221;4.16&#8243; global_colors_info=&#8221;{}&#8221;][et_pb_image src=&#8221;<a href=\"https:\/\/zurichplastics.com\/wp-content\/uploads\/2021\/02\/founder.jpg&#038;#8221\">https:\/\/zurichplastics.com\/wp-content\/uploads\/2021\/02\/founder.jpg&#038;#8221<\/a>; alt=&#8221;Konstantinos Jiouchas&#8221; title_text=&#8221;Konstantinos Jiouchas&#8221; _builder_version=&#8221;4.16&#8243; global_colors_info=&#8221;{}&#8221;][\/et_pb_image][\/et_pb_column][et_pb_column type=&#8221;3_5&#8243; _builder_version=&#8221;4.16&#8243; global_colors_info=&#8221;{}&#8221;][et_pb_text module_class=&#8221;ueber-uns-text&#8221; _builder_version=&#8221;4.27.4&#8243; hover_enabled=&#8221;0&#8243; global_colors_info=&#8221;{}&#8221; sticky_enabled=&#8221;0&#8243;]<\/p>\n<h1>CEO &amp; Medical Director<\/h1>\n<p>Konstantinos Jiouchas, M.D.Upon completing his studies at one of the top five universities in Germany \u2013 the University RWTH Aachen, Konstantinos Jiouchas moved on to complete his plastic surgery residency in Germany. He then accepted an offer to work as an Consultant Plastic Surgeon at the Department of Plastic Surgery at the Cantonal Hospital of Winterthur, University of Zurich, before entering the private sector and perfecting his craft in Switzerland.<\/p>\n<p>Konstantinos Jiouchas is a Board Certified Plastic and Aesthetic surgeon whose Greek-German upbringing has granted him a competitive position in the field of health and beauty. In essence he wishes to instil his multicultural background within his practice so as to best satisfy the needs of his clients all whilst providing them with high-quality treatments and patient safety as a priority.<\/p>\n<p>Konstantinos Jiouchas is actively involved in both invasive and noninvasive procedures, as he has been catering to the vast array of requests from the elite for several years now.<\/p>\n<p>He is a Key opinion leader in facial rejuvenation and an Expert Allergan Trainer in facial rejuvenation, facial remodeling and myomodulation with hyaluronic acid and Botulinumtoxin for physicians in Austria and Switzerland.<\/p>\n<p>He is an international Key Opinion Leader and Expert Trainer for Neuromodulators (Botulinumtoxin) &amp; Biostimulators (Sculptra) for Galderma. He is actively involved in this aesthetic field with his expertise with presentations at international congresses, advisory board about aesthetics and educational content creation (product launch of Botulinumtoxin Relfydess in Europe, Australia and the Middle East).<\/p>\n<p>For more on the founder, Konstantinos Jiouchas, M.D., click <a class=\"text-link\" href=\"https:\/\/www.linkedin.com\/in\/konstantinos-jiouchas-77423845\/\" target=\"_blank\" rel=\"noopener\">here<\/a><\/p>\n<p>If you want to have more information on his upcoming Expert Trainer courses please contact us at jiouchas@zurichplastics.com<\/p>\n<p>[\/et_pb_text][\/et_pb_column][\/et_pb_row][\/et_pb_section][et_pb_section fb_built=&#8221;1&#8243; module_class=&#8221;section-mitgliedschaften&#8221; _builder_version=&#8221;4.16&#8243; global_colors_info=&#8221;{}&#8221;][et_pb_row _builder_version=&#8221;4.16&#8243; global_colors_info=&#8221;{}&#8221;][et_pb_column type=&#8221;4_4&#8243; _builder_version=&#8221;4.16&#8243; global_colors_info=&#8221;{}&#8221;][et_pb_image src=&#8221;<a href=\"https:\/\/zurichplastics.com\/wp-content\/uploads\/2021\/02\/logo-zurich-plastics-footer.png&#038;#8221\">https:\/\/zurichplastics.com\/wp-content\/uploads\/2021\/02\/logo-zurich-plastics-footer.png&#038;#8221<\/a>; alt=&#8221;Zurich Plastics harmonious precision&#8221; title_text=&#8221;Zurich Plastics harmonious precision&#8221; align=&#8221;center&#8221; _builder_version=&#8221;4.16&#8243; global_colors_info=&#8221;{}&#8221;][\/et_pb_image][et_pb_text _builder_version=&#8221;4.16&#8243; global_colors_info=&#8221;{}&#8221;]Greek aesthetics, German quality and Swiss precision.[\/et_pb_text][\/et_pb_column][\/et_pb_row][et_pb_row column_structure=&#8221;1_3,1_3,1_3&#8243; module_class=&#8221;mitgliedsbilder&#8221; _builder_version=&#8221;4.16&#8243; global_colors_info=&#8221;{}&#8221;][et_pb_column type=&#8221;1_3&#8243; _builder_version=&#8221;4.16&#8243; global_colors_info=&#8221;{}&#8221;][et_pb_image src=&#8221;<a href=\"https:\/\/zurichplastics.com\/wp-content\/uploads\/2021\/02\/fmh-logo.jpg&#038;#8221\">https:\/\/zurichplastics.com\/wp-content\/uploads\/2021\/02\/fmh-logo.jpg&#038;#8221<\/a>; alt=&#8221;FMH Swiss Medical Association&#8221; title_text=&#8221;FMH Swiss Medical Association&#8221; align=&#8221;center&#8221; _builder_version=&#8221;4.16&#8243; global_colors_info=&#8221;{}&#8221;][\/et_pb_image][\/et_pb_column][et_pb_column type=&#8221;1_3&#8243; _builder_version=&#8221;4.16&#8243; global_colors_info=&#8221;{}&#8221;][et_pb_image src=&#8221;<a href=\"https:\/\/zurichplastics.com\/wp-content\/uploads\/2021\/02\/dgdp-logo.png&#038;#8221\">https:\/\/zurichplastics.com\/wp-content\/uploads\/2021\/02\/dgdp-logo.png&#038;#8221<\/a>; alt=&#8221;German Society of Plastic, Reconstructive and Aesthetic Surgeons&#8221; title_text=&#8221;German Society of Plastic, Reconstructive and Aesthetic Surgeons&#8221; align=&#8221;center&#8221; _builder_version=&#8221;4.16&#8243; global_colors_info=&#8221;{}&#8221;][\/et_pb_image][\/et_pb_column][et_pb_column type=&#8221;1_3&#8243; _builder_version=&#8221;4.16&#8243; global_colors_info=&#8221;{}&#8221;][et_pb_image src=&#8221;<a href=\"https:\/\/zurichplastics.com\/wp-content\/uploads\/2021\/02\/agz-logo.png&#038;#8221\">https:\/\/zurichplastics.com\/wp-content\/uploads\/2021\/02\/agz-logo.png&#038;#8221<\/a>; alt=&#8221;Medical Society of the Canton of Zurich&#8221; title_text=&#8221;Medical Society of the Canton of Zurich&#8221; align=&#8221;center&#8221; _builder_version=&#8221;4.16&#8243; global_colors_info=&#8221;{}&#8221;][\/et_pb_image][\/et_pb_column][\/et_pb_row][\/et_pb_section]<\/p>\n","protected":false},"excerpt":{"rendered":"<p>About CEO &#038; Medical Director The Practice The Philosophy CEO &amp; Medical Director Konstantinos Jiouchas, M.D.Upon completing his studies at one of the top five universities in Germany \u2013 the University RWTH Aachen, Konstantinos Jiouchas moved on to complete his plastic surgery residency in Germany. He then accepted an offer to work as an Consultant [&hellip;]<\/p>\n","protected":false},"author":3,"featured_media":0,"parent":0,"menu_order":20,"comment_status":"closed","ping_status":"closed","template":"unterseite-ueber-uns.php","meta":{"_acf_changed":false,"_et_pb_use_builder":"on","_et_pb_old_content":"[et_pb_section fb_built=\"1\" _builder_version=\"4.1\"][et_pb_row column_structure=\"2_5,3_5\" _builder_version=\"4.1\"][et_pb_column type=\"2_5\" _builder_version=\"4.1\"][et_pb_image src=\"https:\/\/zurichplastics.com\/wp-content\/uploads\/2021\/02\/founder.jpg\" _builder_version=\"4.1\"][\/et_pb_image][\/et_pb_column][et_pb_column type=\"3_5\" _builder_version=\"4.1\"][et_pb_text _builder_version=\"4.1\" hover_enabled=\"0\" module_class=\"ueber-uns-text\"]<h1>Gr\u00fcnder & \u00c4rztlicher Direktor - Konstantinos Jiouchas<\/h1>\r\n<span>Facharzt f\u00fcr Plastische, Rekonstruktive & \u00c4sthetische Chirurgie<\/span>\r\n<p>Nach Abschluss seines Medizinstudiums an der Elite Uni RWTH Aachen, absolvierte Konstantinos Jiouchas seine Facharztausbildung zum Plastischen Chirurgen an renommierten Kliniken in Deutschland. Nach der Anerkennung zum Facharzt f\u00fcr Plastische, Rekonstruktive und \u00c4sthetische Chirurge durch die \u00c4rztekammer Nordrhein, setzte er seine Karriere als Oberarzt f\u00fcr Plastische Chirurgie in der Klinik f\u00fcr Plastische Chirurgie am Kantonsspital Winterthur in der Schweiz fort.\r\n\r\nKonstantinos Jiouchas ist ein Facharzt, dessen deutsch- griechische Erziehung, eine einmalige Wettbewerbsposition im Bereich der Sch\u00f6nheitschirurgie und der \u00c4sthetischen Medizin beschert hat. Im Wesentlichen m\u00f6chte er seinen multikulturellen Hintergrund in seine Praxis einbringen, um die Bed\u00fcrfnisse seiner Patienten bestm\u00f6glich zu erf\u00fcllen und Ihnen gleichzeitig hochwertige evidenzbasierte medizinische Behandlungen und maximale Patientensicherheit zu bieten.\r\n\r\nKonstantinos Jiouchas ist selber aktiv an der Durchf\u00fchrung und Entwicklung der invasiven und non invasiven Behandlungen involviert, da er bereits seit mehreren Jahren den vielf\u00e4ltigen Anfragen seiner anspruchsvollen Klienten nachkommt. Im Rahmen seiner Funktion als Expert Trainer f\u00fcr die Fa. Allergan, dem original Hersteller von Botox und eine der f\u00fchrenden Unternehmen im \u00e4sthetischen- medizinischen Bereich, bildet er in der Schweiz und \u00d6sterreich \u00c4rzte im Rahmen der Expert Training Seminare. Seine Expertise liegt hierbei in der Gesichtsverj\u00fcngung, Gesichtsmodellierung und dynamischen Myomodellierung durch Hyalurons\u00e4ure und Botulinumtoxin.\r\n\r\nFalls Sie mehr Informationen \u00fcber den Gr\u00fcnder und \u00c4rztlichen Direktor Konstantinos Jiouchas von Zurich Plastics w\u00fcnschen, klicken sie hier.<\/p>[\/et_pb_text][\/et_pb_column][\/et_pb_row][\/et_pb_section][et_pb_section fb_built=\"1\" module_class=\"section-mitgliedschaften\" _builder_version=\"4.1\"][et_pb_row _builder_version=\"4.1\"][et_pb_column type=\"4_4\" _builder_version=\"4.1\"][et_pb_image src=\"https:\/\/zurichplastics.com\/wp-content\/uploads\/2021\/02\/logo-zurich-plastics-footer.png\" align=\"center\" _builder_version=\"4.1\"][\/et_pb_image][et_pb_text _builder_version=\"4.1\"]Griechische \u00c4sthetik, Deutsche Qualit\u00e4t und Schweizer Pr\u00e4zision.[\/et_pb_text][\/et_pb_column][\/et_pb_row][et_pb_row column_structure=\"1_3,1_3,1_3\" module_class=\"mitgliedsbilder\" _builder_version=\"4.1\"][et_pb_column type=\"1_3\" _builder_version=\"4.1\"][et_pb_image src=\"https:\/\/zurichplastics.com\/wp-content\/uploads\/2021\/02\/fmh-logo.jpg\" align=\"center\" _builder_version=\"4.1\"][\/et_pb_image][\/et_pb_column][et_pb_column type=\"1_3\" _builder_version=\"4.1\"][et_pb_image src=\"https:\/\/zurichplastics.com\/wp-content\/uploads\/2021\/02\/dgdp-logo.png\" align=\"center\" _builder_version=\"4.1\"][\/et_pb_image][\/et_pb_column][et_pb_column type=\"1_3\" _builder_version=\"4.1\"][et_pb_image src=\"https:\/\/zurichplastics.com\/wp-content\/uploads\/2021\/02\/agz-logo.png\" align=\"center\" _builder_version=\"4.1\"][\/et_pb_image][\/et_pb_column][\/et_pb_row][\/et_pb_section]","_et_gb_content_width":"","_crdt_document":"","inline_featured_image":false,"footnotes":""},"class_list":["post-338","page","type-page","status-publish","hentry"],"acf":[],"aioseo_notices":[],"jetpack_sharing_enabled":true,"jetpack_shortlink":"https:\/\/wp.me\/PgBsGD-5s","_links":{"self":[{"href":"https:\/\/zurichplastics.com\/en\/wp-json\/wp\/v2\/pages\/338","targetHints":{"allow":["GET"]}}],"collection":[{"href":"https:\/\/zurichplastics.com\/en\/wp-json\/wp\/v2\/pages"}],"about":[{"href":"https:\/\/zurichplastics.com\/en\/wp-json\/wp\/v2\/types\/page"}],"author":[{"embeddable":true,"href":"https:\/\/zurichplastics.com\/en\/wp-json\/wp\/v2\/users\/3"}],"replies":[{"embeddable":true,"href":"https:\/\/zurichplastics.com\/en\/wp-json\/wp\/v2\/comments?post=338"}],"version-history":[{"count":1,"href":"https:\/\/zurichplastics.com\/en\/wp-json\/wp\/v2\/pages\/338\/revisions"}],"predecessor-version":[{"id":7087,"href":"https:\/\/zurichplastics.com\/en\/wp-json\/wp\/v2\/pages\/338\/revisions\/7087"}],"wp:attachment":[{"href":"https:\/\/zurichplastics.com\/en\/wp-json\/wp\/v2\/media?parent=338"}],"curies":[{"name":"wp","href":"https:\/\/api.w.org\/{rel}","templated":true}]}}