{"id":340,"date":"2021-03-11T11:56:11","date_gmt":"2021-03-11T11:56:11","guid":{"rendered":"https:\/\/zurich-plastics.aw003.de\/?page_id=340"},"modified":"2024-02-07T08:58:16","modified_gmt":"2024-02-07T08:58:16","slug":"the-practice","status":"publish","type":"page","link":"https:\/\/zurichplastics.com\/en\/the-practice\/","title":{"rendered":"The Practice"},"content":{"rendered":"<p>[et_pb_section fb_built=&#8221;1&#8243; disabled_on=&#8221;on|off|off&#8221; _builder_version=&#8221;4.1&#8243;][et_pb_row _builder_version=&#8221;4.1&#8243;][et_pb_column type=&#8221;4_4&#8243; _builder_version=&#8221;4.1&#8243;][et_pb_text admin_label=&#8221;Anker&#8221; module_class=&#8221;ankerliste&#8221; _builder_version=&#8221;4.1&#8243;]<\/p>\n<h2>About<\/h2>\n<ul>\n<li><a href=\"\/en\/ceo-medical-director\/\">CEO &#038; Medical Director<\/a><\/li>\n<li><a href=\"\/en\/the-practice\/\" class=\"active\">The Practice<\/a><\/li>\n<li><a href=\"\/en\/the-philosophy\/\">The Philosophy<\/a><\/li>\n<\/ul>\n<p>[\/et_pb_text][\/et_pb_column][\/et_pb_row][\/et_pb_section][et_pb_section fb_built=&#8221;1&#8243; _builder_version=&#8221;4.1&#8243;][et_pb_row _builder_version=&#8221;4.1&#8243;][et_pb_column type=&#8221;4_4&#8243; _builder_version=&#8221;4.1&#8243;][et_pb_video _builder_version=&#8221;4.1&#8243; src=&#8221;<a href=\"https:\/\/vimeo.com\/906769380&#038;#8243\" rel=\"nofollow\">https:\/\/vimeo.com\/906769380&#038;#8243<\/a>; hover_enabled=&#8221;0&#8243;][\/et_pb_video][\/et_pb_column][\/et_pb_row][\/et_pb_section][et_pb_section fb_built=&#8221;1&#8243; _builder_version=&#8221;4.1&#8243;][et_pb_row _builder_version=&#8221;4.1&#8243;][et_pb_column type=&#8221;4_4&#8243; _builder_version=&#8221;4.1&#8243;][et_pb_text module_class=&#8221;ueber-uns-text&#8221; _builder_version=&#8221;4.1&#8243;]<\/p>\n<h1>The Practice<\/h1>\n<p>Zurich Plastics is a brand new health and beauty clinic that offers top-tier treatments and procedures to its elite client base. The clinic itself offers a wide range of health and beauty services that include the most popular minimally invasive treatments as well as elaborate surgical procedures, all of which fall in line with the brand\u2019s concept of simplicity: less yields more. The core incentive of the clinic is to constantly provide patients with innovative, advanced and contemporary solutions and medical grade treatments paired with reasonable prices, that help them reach that level of perfection that they seek.<\/p>\n<p>The clinic\u2019s founder and Board Certified Plastic Surgeon is Konstantinos Jiouchas, a well respected doctor who has built a name for himself via his work that evokes patient trust and loyalty.<\/p>\n<p>[\/et_pb_text][et_pb_slider _builder_version=&#8221;4.1&#8243; custom_css_slide_description=&#8221;height: 400px !important;&#8221;][et_pb_slide _builder_version=&#8221;4.1&#8243; background_image=&#8221;<a href=\"https:\/\/zurichplastics.com\/wp-content\/uploads\/2023\/05\/zurich-rezeption-1.jpg&#038;#8221\">https:\/\/zurichplastics.com\/wp-content\/uploads\/2023\/05\/zurich-rezeption-1.jpg&#038;#8221<\/a>; background_enable_image=&#8221;on&#8221;][\/et_pb_slide][et_pb_slide _builder_version=&#8221;4.1&#8243; background_enable_color=&#8221;off&#8221; background_image=&#8221;<a href=\"https:\/\/zurichplastics.com\/wp-content\/uploads\/2023\/05\/zurich-op-saal.jpg.jpg&#038;#8221\">https:\/\/zurichplastics.com\/wp-content\/uploads\/2023\/05\/zurich-op-saal.jpg.jpg&#038;#8221<\/a>; background_enable_image=&#8221;on&#8221;][\/et_pb_slide][et_pb_slide _builder_version=&#8221;4.1&#8243; background_image=&#8221;<a href=\"https:\/\/zurichplastics.com\/wp-content\/uploads\/2023\/05\/zurich-besprechungsraum.jpg&#038;#8221\">https:\/\/zurichplastics.com\/wp-content\/uploads\/2023\/05\/zurich-besprechungsraum.jpg&#038;#8221<\/a>; background_enable_image=&#8221;on&#8221;][\/et_pb_slide][et_pb_slide _builder_version=&#8221;4.1&#8243; background_enable_color=&#8221;off&#8221; background_image=&#8221;<a href=\"https:\/\/zurichplastics.com\/wp-content\/uploads\/2023\/05\/zurich-op-zimmer.jpg&#038;#8221\">https:\/\/zurichplastics.com\/wp-content\/uploads\/2023\/05\/zurich-op-zimmer.jpg&#038;#8221<\/a>; background_enable_image=&#8221;on&#8221;][\/et_pb_slide][et_pb_slide _builder_version=&#8221;4.1&#8243; background_enable_color=&#8221;off&#8221; background_image=&#8221;<a href=\"https:\/\/zurichplastics.com\/wp-content\/uploads\/2023\/05\/zurich-behandlungszimmer.jpg&#038;#8221\">https:\/\/zurichplastics.com\/wp-content\/uploads\/2023\/05\/zurich-behandlungszimmer.jpg&#038;#8221<\/a>; background_enable_image=&#8221;on&#8221;][\/et_pb_slide][et_pb_slide _builder_version=&#8221;4.1&#8243; background_enable_color=&#8221;off&#8221; background_image=&#8221;<a href=\"https:\/\/zurichplastics.com\/wp-content\/uploads\/2023\/05\/zurich-op-raum.jpg&#038;#8221\">https:\/\/zurichplastics.com\/wp-content\/uploads\/2023\/05\/zurich-op-raum.jpg&#038;#8221<\/a>; background_enable_image=&#8221;on&#8221;][\/et_pb_slide][et_pb_slide _builder_version=&#8221;4.1&#8243; background_enable_color=&#8221;off&#8221; background_image=&#8221;<a href=\"https:\/\/zurichplastics.com\/wp-content\/uploads\/2023\/05\/zurich-behandlungsraum.jpg&#038;#8221\">https:\/\/zurichplastics.com\/wp-content\/uploads\/2023\/05\/zurich-behandlungsraum.jpg&#038;#8221<\/a>; background_enable_image=&#8221;on&#8221;][\/et_pb_slide][et_pb_slide _builder_version=&#8221;4.1&#8243; background_enable_color=&#8221;off&#8221; background_image=&#8221;<a href=\"https:\/\/zurichplastics.com\/wp-content\/uploads\/2023\/05\/zurich-op-sprechzimmer.jpg&#038;#8221\">https:\/\/zurichplastics.com\/wp-content\/uploads\/2023\/05\/zurich-op-sprechzimmer.jpg&#038;#8221<\/a>; background_enable_image=&#8221;on&#8221;][\/et_pb_slide][\/et_pb_slider][\/et_pb_column][\/et_pb_row][\/et_pb_section][et_pb_section fb_built=&#8221;1&#8243; module_class=&#8221;section-mitgliedschaften&#8221; _builder_version=&#8221;4.1&#8243;][et_pb_row _builder_version=&#8221;4.1&#8243;][et_pb_column type=&#8221;4_4&#8243; _builder_version=&#8221;4.1&#8243;][et_pb_image src=&#8221;<a href=\"https:\/\/zurichplastics.com\/wp-content\/uploads\/2021\/02\/logo-zurich-plastics-footer.png&#038;#8221\">https:\/\/zurichplastics.com\/wp-content\/uploads\/2021\/02\/logo-zurich-plastics-footer.png&#038;#8221<\/a>; alt=&#8221;Zurich Plastics harmonious precision&#8221; title_text=&#8221;Zurich Plastics harmonious precision&#8221; align=&#8221;center&#8221; _builder_version=&#8221;4.1&#8243;][\/et_pb_image][et_pb_text _builder_version=&#8221;4.1&#8243;]Greek aesthetics, German quality and Swiss precision.[\/et_pb_text][\/et_pb_column][\/et_pb_row][et_pb_row column_structure=&#8221;1_3,1_3,1_3&#8243; module_class=&#8221;mitgliedsbilder&#8221; _builder_version=&#8221;4.1&#8243;][et_pb_column type=&#8221;1_3&#8243; _builder_version=&#8221;4.1&#8243;][et_pb_image src=&#8221;<a href=\"https:\/\/zurichplastics.com\/wp-content\/uploads\/2021\/02\/fmh-logo.jpg&#038;#8221\">https:\/\/zurichplastics.com\/wp-content\/uploads\/2021\/02\/fmh-logo.jpg&#038;#8221<\/a>; alt=&#8221;FMH Swiss Medical Association&#8221; title_text=&#8221;FMH Swiss Medical Association&#8221; align=&#8221;center&#8221; _builder_version=&#8221;4.1&#8243;][\/et_pb_image][\/et_pb_column][et_pb_column type=&#8221;1_3&#8243; _builder_version=&#8221;4.1&#8243;][et_pb_image src=&#8221;<a href=\"https:\/\/zurichplastics.com\/wp-content\/uploads\/2021\/02\/dgdp-logo.png&#038;#8221\">https:\/\/zurichplastics.com\/wp-content\/uploads\/2021\/02\/dgdp-logo.png&#038;#8221<\/a>; alt=&#8221;German Society of Plastic, Reconstructive and Aesthetic Surgeons&#8221; title_text=&#8221;German Society of Plastic, Reconstructive and Aesthetic Surgeons&#8221; align=&#8221;center&#8221; _builder_version=&#8221;4.1&#8243;][\/et_pb_image][\/et_pb_column][et_pb_column type=&#8221;1_3&#8243; _builder_version=&#8221;4.1&#8243;][et_pb_image src=&#8221;<a href=\"https:\/\/zurichplastics.com\/wp-content\/uploads\/2021\/02\/agz-logo.png&#038;#8221\">https:\/\/zurichplastics.com\/wp-content\/uploads\/2021\/02\/agz-logo.png&#038;#8221<\/a>; alt=&#8221;Medical Society of the Canton of Zurich&#8221; title_text=&#8221;Medical Society of the Canton of Zurich&#8221; align=&#8221;center&#8221; _builder_version=&#8221;4.1&#8243;][\/et_pb_image][\/et_pb_column][\/et_pb_row][\/et_pb_section]<\/p>\n","protected":false},"excerpt":{"rendered":"<p>About CEO &#038; Medical Director The Practice The Philosophy The Practice Zurich Plastics is a brand new health and beauty clinic that offers top-tier treatments and procedures to its elite client base. The clinic itself offers a wide range of health and beauty services that include the most popular minimally invasive treatments as well as [&hellip;]<\/p>\n","protected":false},"author":3,"featured_media":0,"parent":0,"menu_order":20,"comment_status":"closed","ping_status":"closed","template":"unterseite-ueber-uns.php","meta":{"_acf_changed":false,"_et_pb_use_builder":"on","_et_pb_old_content":"[et_pb_section fb_built=\"1\" _builder_version=\"4.1\"][et_pb_row column_structure=\"2_5,3_5\" _builder_version=\"4.1\"][et_pb_column type=\"2_5\" _builder_version=\"4.1\"][et_pb_image src=\"https:\/\/zurichplastics.com\/wp-content\/uploads\/2021\/02\/zurichplasticsrennweg-1-scaled.jpg\" _builder_version=\"4.1\" hover_enabled=\"0\"][\/et_pb_image][\/et_pb_column][et_pb_column type=\"3_5\" _builder_version=\"4.1\"][et_pb_text module_class=\"ueber-uns-text\" _builder_version=\"4.1\" hover_enabled=\"0\"]<h1>Die Praxis<\/h1>\r\n<p>Zurich Plastics ist eine Gesundheits- und Sch\u00f6nheitspraxis im Herzen von Z\u00fcrich, die Ihren Patienten hochwertige evidenzbasierte medizinische Behandlungen anbietet. Die Praxis bietet eine breite Palette an Gesundheits- und \u00c4sthetischen Dienstleitungen an, zu denen die g\u00e4ngigsten minimal- invasiven Behandlungen sowie auch aufwendige chirurgische Eingriffe der Plastischen und \u00c4sthetischen Chirurgie geh\u00f6ren. Der wesentliche Anreiz der Klinik besteht darin, den Patienten st\u00e4ndig innovative, fortschrittliche und zeitgem\u00e4sse Therapieans\u00e4tze und medizinische Behandlungen anzubieten, die Ihnen helfen, dass von Ihnen gew\u00fcnschte Ma\u00df an Perfektion zu erreichen.<\/p>[\/et_pb_text][\/et_pb_column][\/et_pb_row][\/et_pb_section][et_pb_section fb_built=\"1\" module_class=\"section-mitgliedschaften\" _builder_version=\"4.1\"][et_pb_row _builder_version=\"4.1\"][et_pb_column type=\"4_4\" _builder_version=\"4.1\"][et_pb_image src=\"https:\/\/zurichplastics.com\/wp-content\/uploads\/2021\/02\/logo-zurich-plastics-footer.png\" align=\"center\" _builder_version=\"4.1\"][\/et_pb_image][et_pb_text _builder_version=\"4.1\"]Griechische \u00c4sthetik, Deutsche Qualit\u00e4t und Schweizer Pr\u00e4zision.[\/et_pb_text][\/et_pb_column][\/et_pb_row][et_pb_row column_structure=\"1_3,1_3,1_3\" module_class=\"mitgliedsbilder\" _builder_version=\"4.1\"][et_pb_column type=\"1_3\" _builder_version=\"4.1\"][et_pb_image src=\"https:\/\/zurichplastics.com\/wp-content\/uploads\/2021\/02\/fmh-logo.jpg\" align=\"center\" _builder_version=\"4.1\"][\/et_pb_image][\/et_pb_column][et_pb_column type=\"1_3\" _builder_version=\"4.1\"][et_pb_image src=\"https:\/\/zurichplastics.com\/wp-content\/uploads\/2021\/02\/dgdp-logo.png\" align=\"center\" _builder_version=\"4.1\"][\/et_pb_image][\/et_pb_column][et_pb_column type=\"1_3\" _builder_version=\"4.1\"][et_pb_image src=\"https:\/\/zurichplastics.com\/wp-content\/uploads\/2021\/02\/agz-logo.png\" align=\"center\" _builder_version=\"4.1\"][\/et_pb_image][\/et_pb_column][\/et_pb_row][\/et_pb_section]","_et_gb_content_width":"","_crdt_document":"","inline_featured_image":false,"footnotes":""},"class_list":["post-340","page","type-page","status-publish","hentry"],"acf":[],"aioseo_notices":[],"jetpack_sharing_enabled":true,"jetpack_shortlink":"https:\/\/wp.me\/PgBsGD-5u","_links":{"self":[{"href":"https:\/\/zurichplastics.com\/en\/wp-json\/wp\/v2\/pages\/340","targetHints":{"allow":["GET"]}}],"collection":[{"href":"https:\/\/zurichplastics.com\/en\/wp-json\/wp\/v2\/pages"}],"about":[{"href":"https:\/\/zurichplastics.com\/en\/wp-json\/wp\/v2\/types\/page"}],"author":[{"embeddable":true,"href":"https:\/\/zurichplastics.com\/en\/wp-json\/wp\/v2\/users\/3"}],"replies":[{"embeddable":true,"href":"https:\/\/zurichplastics.com\/en\/wp-json\/wp\/v2\/comments?post=340"}],"version-history":[{"count":1,"href":"https:\/\/zurichplastics.com\/en\/wp-json\/wp\/v2\/pages\/340\/revisions"}],"predecessor-version":[{"id":5663,"href":"https:\/\/zurichplastics.com\/en\/wp-json\/wp\/v2\/pages\/340\/revisions\/5663"}],"wp:attachment":[{"href":"https:\/\/zurichplastics.com\/en\/wp-json\/wp\/v2\/media?parent=340"}],"curies":[{"name":"wp","href":"https:\/\/api.w.org\/{rel}","templated":true}]}}