{"id":359,"date":"2021-03-11T12:01:46","date_gmt":"2021-03-11T12:01:46","guid":{"rendered":"https:\/\/zurich-plastics.aw003.de\/?page_id=359"},"modified":"2021-09-14T11:11:38","modified_gmt":"2021-09-14T11:11:38","slug":"treatments","status":"publish","type":"page","link":"https:\/\/zurichplastics.com\/en\/treatments\/","title":{"rendered":"Treatments"},"content":{"rendered":"<p>[et_pb_section fb_built=&#8221;1&#8243; _builder_version=&#8221;4.1&#8243;][et_pb_row _builder_version=&#8221;4.1&#8243;][et_pb_column type=&#8221;4_4&#8243; _builder_version=&#8221;4.1&#8243;][et_pb_text module_class=&#8221;ueberschrift-behandlungen&#8221; _builder_version=&#8221;4.1&#8243;]<\/p>\n<h1>Treatments<\/h1>\n<p>[\/et_pb_text][\/et_pb_column][\/et_pb_row][et_pb_row column_structure=&#8221;1_2,1_2&#8243; module_class=&#8221;kacheln-start&#8221; _builder_version=&#8221;4.1&#8243;][et_pb_column type=&#8221;1_2&#8243; _builder_version=&#8221;4.1&#8243;][et_pb_image src=&#8221;<a href=\"https:\/\/zurichplastics.com\/wp-content\/uploads\/2021\/02\/gesicht-kachel.jpg&#038;#8221\">https:\/\/zurichplastics.com\/wp-content\/uploads\/2021\/02\/gesicht-kachel.jpg&#038;#8221<\/a>; _builder_version=&#8221;4.1&#8243; hover_enabled=&#8221;0&#8243; alt=&#8221;Face Treatments&#8221; title_text=&#8221;Face Treatments&#8221;][\/et_pb_image][et_pb_text _builder_version=&#8221;4.1&#8243; link_option_url=&#8221;\/en\/treatments\/face\/&#8221; hover_enabled=&#8221;0&#8243;]<\/p>\n<h3>Face<\/h3>\n<p>A complete range of health and beauty services are available to yield healthy, tight, rejuvenated and glowing skin.[\/et_pb_text][\/et_pb_column][et_pb_column type=&#8221;1_2&#8243; _builder_version=&#8221;4.1&#8243;][et_pb_image src=&#8221;<a href=\"https:\/\/zurichplastics.com\/wp-content\/uploads\/2021\/02\/koerper-kachel.jpg&#038;#8221\">https:\/\/zurichplastics.com\/wp-content\/uploads\/2021\/02\/koerper-kachel.jpg&#038;#8221<\/a>; _builder_version=&#8221;4.1&#8243; hover_enabled=&#8221;0&#8243; alt=&#8221;Body Treatments&#8221; title_text=&#8221;Body Treatments&#8221;][\/et_pb_image][et_pb_text _builder_version=&#8221;4.1&#8243; link_option_url=&#8221;\/en\/treatments\/body\/&#8221;]<\/p>\n<h3>Body<\/h3>\n<p>The most advanced body treatments are available to help you revamp your physique and boost your self-esteem.[\/et_pb_text][\/et_pb_column][\/et_pb_row][\/et_pb_section][et_pb_section fb_built=&#8221;1&#8243; module_class=&#8221;section-mitgliedschaften&#8221; _builder_version=&#8221;4.1&#8243;][et_pb_row _builder_version=&#8221;4.1&#8243;][et_pb_column type=&#8221;4_4&#8243; _builder_version=&#8221;4.1&#8243;][et_pb_image src=&#8221;<a href=\"https:\/\/zurichplastics.com\/wp-content\/uploads\/2021\/02\/logo-zurich-plastics-footer.png&#038;#8221\">https:\/\/zurichplastics.com\/wp-content\/uploads\/2021\/02\/logo-zurich-plastics-footer.png&#038;#8221<\/a>; alt=&#8221;zurich plastics harmonious precision&#8221; title_text=&#8221;zurich plastics harmonious precision&#8221; align=&#8221;center&#8221; _builder_version=&#8221;4.1&#8243;][\/et_pb_image][et_pb_text _builder_version=&#8221;4.1&#8243;]Greek aesthetics, German quality and Swiss precision.[\/et_pb_text][\/et_pb_column][\/et_pb_row][\/et_pb_section]<\/p>\n","protected":false},"excerpt":{"rendered":"<p>TreatmentsFace A complete range of health and beauty services are available to yield healthy, tight, rejuvenated and glowing skin.Body The most advanced body treatments are available to help you revamp your physique and boost your self-esteem.Greek aesthetics, German quality and Swiss precision.<\/p>\n","protected":false},"author":3,"featured_media":0,"parent":0,"menu_order":30,"comment_status":"closed","ping_status":"closed","template":"behandlungensauswahl.php","meta":{"_acf_changed":false,"_et_pb_use_builder":"on","_et_pb_old_content":"[et_pb_section fb_built=\"1\" _builder_version=\"4.1\"][et_pb_row _builder_version=\"4.1\"][et_pb_column type=\"4_4\" _builder_version=\"4.1\"][et_pb_text _builder_version=\"4.1\"]<h1>Behandlungen<\/h1>[\/et_pb_text][\/et_pb_column][\/et_pb_row][et_pb_row column_structure=\"1_2,1_2\" module_class=\"kacheln-start\" _builder_version=\"4.1\"][et_pb_column type=\"1_2\" _builder_version=\"4.1\"][et_pb_image src=\"https:\/\/zurichplastics.com\/wp-content\/uploads\/2021\/02\/gesicht-kachel.jpg\" _builder_version=\"4.1\"][\/et_pb_image][et_pb_text _builder_version=\"4.1\" link_option_url=\"\/behandlungen\/gesichtsbehandlungen\/\" hover_enabled=\"0\"]<h3>Gesicht<\/h3>\r\nEin breites Sprektrum an Behandlungen steht zur Verf\u00fcgung, um dem Gesicht ein gesundes, verj\u00fcngtes, straffes und strahlendes Aussehen zu erm\u00f6glichen.[\/et_pb_text][\/et_pb_column][et_pb_column type=\"1_2\" _builder_version=\"4.1\"][et_pb_image src=\"https:\/\/zurichplastics.com\/wp-content\/uploads\/2021\/02\/koerper-kachel.jpg\" _builder_version=\"4.1\"][\/et_pb_image][et_pb_text _builder_version=\"4.1\" link_option_url=\"\/behandlungen\/koerperbehandlungen\/\" hover_enabled=\"0\"]<h3>K\u00f6rper<\/h3>\r\nEs stehen Ihnen die zur Zeit fortschrittlichsten Therapien zur Verf\u00fcgung, um Ihnen zu helfen Ihr \u00e4usseres Erscheinungsbild nach Ihren w\u00fcnschen zu optimieren.[\/et_pb_text][\/et_pb_column][\/et_pb_row][\/et_pb_section][et_pb_section fb_built=\"1\" module_class=\"section-mitgliedschaften\" _builder_version=\"4.1\"][et_pb_row _builder_version=\"4.1\"][et_pb_column type=\"4_4\" _builder_version=\"4.1\"][et_pb_image src=\"https:\/\/zurichplastics.com\/wp-content\/uploads\/2021\/02\/logo-zurich-plastics-footer.png\" align=\"center\" _builder_version=\"4.1\"][\/et_pb_image][et_pb_text _builder_version=\"4.1\"]Griechische \u00c4sthetik, Deutsche Qualit\u00e4t und Schweizer Pr\u00e4zision.[\/et_pb_text][\/et_pb_column][\/et_pb_row][\/et_pb_section]","_et_gb_content_width":"","_crdt_document":"","inline_featured_image":false,"footnotes":""},"class_list":["post-359","page","type-page","status-publish","hentry"],"acf":[],"aioseo_notices":[],"jetpack_sharing_enabled":true,"jetpack_shortlink":"https:\/\/wp.me\/PgBsGD-5N","_links":{"self":[{"href":"https:\/\/zurichplastics.com\/en\/wp-json\/wp\/v2\/pages\/359","targetHints":{"allow":["GET"]}}],"collection":[{"href":"https:\/\/zurichplastics.com\/en\/wp-json\/wp\/v2\/pages"}],"about":[{"href":"https:\/\/zurichplastics.com\/en\/wp-json\/wp\/v2\/types\/page"}],"author":[{"embeddable":true,"href":"https:\/\/zurichplastics.com\/en\/wp-json\/wp\/v2\/users\/3"}],"replies":[{"embeddable":true,"href":"https:\/\/zurichplastics.com\/en\/wp-json\/wp\/v2\/comments?post=359"}],"version-history":[{"count":0,"href":"https:\/\/zurichplastics.com\/en\/wp-json\/wp\/v2\/pages\/359\/revisions"}],"wp:attachment":[{"href":"https:\/\/zurichplastics.com\/en\/wp-json\/wp\/v2\/media?parent=359"}],"curies":[{"name":"wp","href":"https:\/\/api.w.org\/{rel}","templated":true}]}}