{"id":371,"date":"2021-03-11T12:17:28","date_gmt":"2021-03-11T12:17:28","guid":{"rendered":"https:\/\/zurich-plastics.aw003.de\/?page_id=371"},"modified":"2024-05-10T09:20:57","modified_gmt":"2024-05-10T09:20:57","slug":"face","status":"publish","type":"page","link":"https:\/\/zurichplastics.com\/en\/treatments\/face\/","title":{"rendered":"Face Treatments"},"content":{"rendered":"<p>[et_pb_section fb_built=&#8221;1&#8243; _builder_version=&#8221;4.1&#8243;][et_pb_row _builder_version=&#8221;4.1&#8243;][et_pb_column type=&#8221;4_4&#8243; _builder_version=&#8221;4.1&#8243;][et_pb_text module_class=&#8221;ueberschrift-behandlungen&#8221; _builder_version=&#8221;4.1&#8243;]<\/p>\n<h1>Face Treatments<\/h1>\n<p>[\/et_pb_text][\/et_pb_column][\/et_pb_row][et_pb_row module_class=&#8221;kopfbereich&#8221; _builder_version=&#8221;4.1&#8243; background_enable_image=&#8221;off&#8221;][et_pb_column type=&#8221;4_4&#8243; _builder_version=&#8221;4.1&#8243;][et_pb_image src=&#8221;<a href=\"https:\/\/zurichplastics.com\/wp-content\/uploads\/2021\/02\/headerbild-behandlungen.jpg&#038;#8221\">https:\/\/zurichplastics.com\/wp-content\/uploads\/2021\/02\/headerbild-behandlungen.jpg&#038;#8221<\/a>; alt=&#8221;Face Treatments&#8221; title_text=&#8221;Face Treatments&#8221; _builder_version=&#8221;4.1&#8243;][\/et_pb_image][et_pb_text _builder_version=&#8221;4.1&#8243;]<\/p>\n<h2>Harmonious<span>Precision.<\/span><\/h2>\n<p>[\/et_pb_text][\/et_pb_column][\/et_pb_row][\/et_pb_section][et_pb_section fb_built=&#8221;1&#8243; module_class=&#8221;kacheln-leistungen&#8221; _builder_version=&#8221;4.1&#8243;][et_pb_row column_structure=&#8221;1_4,1_4,1_4,1_4&#8243; _builder_version=&#8221;4.1&#8243;][et_pb_column type=&#8221;1_4&#8243; _builder_version=&#8221;4.1&#8243;][et_pb_blurb title=&#8221;Wrinkle Treatment with Hyaluronic Acid and Neuromodulator&#8221; image=&#8221;<a href=\"https:\/\/zurichplastics.com\/wp-content\/uploads\/2021\/03\/faltenbehandlung-hyaluronsaeure-botulinumtoxin.jpeg&#038;#8221\">https:\/\/zurichplastics.com\/wp-content\/uploads\/2021\/03\/faltenbehandlung-hyaluronsaeure-botulinumtoxin.jpeg&#038;#8221<\/a>; alt=&#8221;Wrinkle Treatment with Hyaluronic Acid and Botulinum Toxin &#8221; admin_label=&#8221;Wrinkle Treatment with Hyaluronic Acid and Neuromodulator&#8221; _builder_version=&#8221;4.1&#8243; header_font=&#8221;Arial||||||||&#8221; header_font_size=&#8221;20px&#8221; background_enable_image=&#8221;off&#8221; animation=&#8221;off&#8221; link_option_url=&#8221;\/en\/treatments\/face\/wrinkle-treatment-hyaluronic-acid-botulinum-toxin\/&#8221; hover_enabled=&#8221;0&#8243; border_radii_image=&#8221;on|4px|4px|4px|4px&#8221;][\/et_pb_blurb][et_pb_blurb title=&#8221;Otoplasty (Ear Surgery)&#8221; image=&#8221;<a href=\"https:\/\/zurichplastics.com\/wp-content\/uploads\/2021\/03\/otoplastik.jpeg&#038;#8221\">https:\/\/zurichplastics.com\/wp-content\/uploads\/2021\/03\/otoplastik.jpeg&#038;#8221<\/a>; alt=&#8221;Otoplasty (Ear Surgery)&#8221; admin_label=&#8221;Otoplasty (Ear Surgery)&#8221; _builder_version=&#8221;4.1&#8243; header_font=&#8221;Arial||||||||&#8221; header_font_size=&#8221;20px&#8221; background_enable_image=&#8221;off&#8221; animation=&#8221;off&#8221; link_option_url=&#8221;\/en\/treatments\/face\/otoplasty-ear-surgery\/&#8221; border_radii_image=&#8221;on|4px|4px|4px|4px&#8221;][\/et_pb_blurb][\/et_pb_column][et_pb_column type=&#8221;1_4&#8243; _builder_version=&#8221;4.1&#8243;][et_pb_blurb title=&#8221;Liquid 8 Point Facelift with Hyaluronic Acid&#8221; image=&#8221;<a href=\"https:\/\/zurichplastics.com\/wp-content\/uploads\/2021\/03\/liquid_8_point.jpeg&#038;#8221\">https:\/\/zurichplastics.com\/wp-content\/uploads\/2021\/03\/liquid_8_point.jpeg&#038;#8221<\/a>; alt=&#8221;Liquid 8 Point Facelift with Hyaluronic Acid&#8221; admin_label=&#8221;Liquid 8 Point Facelift with Hyaluronic Acid&#8221; _builder_version=&#8221;4.1&#8243; header_font=&#8221;Arial||||||||&#8221; header_font_size=&#8221;20px&#8221; background_enable_image=&#8221;off&#8221; animation=&#8221;off&#8221; link_option_url=&#8221;\/en\/treatments\/face\/liquid-8-point-facelift-with-hyaluronic-acid\/&#8221; border_radii_image=&#8221;on|4px|4px|4px|4px&#8221;][\/et_pb_blurb][et_pb_blurb title=&#8221;Blepharoplasty (Eyelid Surgery)&#8221; image=&#8221;<a href=\"https:\/\/zurichplastics.com\/wp-content\/uploads\/2021\/03\/blepharoplasty.jpeg&#038;#8221\">https:\/\/zurichplastics.com\/wp-content\/uploads\/2021\/03\/blepharoplasty.jpeg&#038;#8221<\/a>; alt=&#8221;Blepharoplasty (Eyelid Surgery)&#8221; admin_label=&#8221;Blepharoplasty (Eyelid Surgery)&#8221; _builder_version=&#8221;4.1&#8243; header_font=&#8221;Arial||||||||&#8221; header_font_size=&#8221;20px&#8221; background_enable_image=&#8221;off&#8221; animation=&#8221;off&#8221; link_option_url=&#8221;\/en\/treatments\/face\/blepharoplasty&#8221; border_radii_image=&#8221;on|4px|4px|4px|4px&#8221;][\/et_pb_blurb][\/et_pb_column][et_pb_column type=&#8221;1_4&#8243; _builder_version=&#8221;4.1&#8243;][et_pb_blurb title=&#8221;Lip Augmentation with Hyaluronic Acid&#8221; image=&#8221;<a href=\"https:\/\/zurichplastics.com\/wp-content\/uploads\/2021\/03\/lippenvergroesserung.jpeg&#038;#8221\">https:\/\/zurichplastics.com\/wp-content\/uploads\/2021\/03\/lippenvergroesserung.jpeg&#038;#8221<\/a>; alt=&#8221;Lip Augmentation with Hyaluronic Acid&#8221; admin_label=&#8221;Lip Augmentation with Hyaluronic Acid&#8221; _builder_version=&#8221;4.1&#8243; header_font=&#8221;Arial||||||||&#8221; header_font_size=&#8221;20px&#8221; background_enable_image=&#8221;off&#8221; animation=&#8221;off&#8221; link_option_url=&#8221;\/en\/treatments\/face\/lip-augmentation-with-hyaluronic-acid\/&#8221; border_radii_image=&#8221;on|4px|4px|4px|4px&#8221;][\/et_pb_blurb][et_pb_blurb title=&#8221;Facelift&#8221; image=&#8221;<a href=\"https:\/\/zurichplastics.com\/wp-content\/uploads\/2021\/03\/facelift.jpeg&#038;#8221\">https:\/\/zurichplastics.com\/wp-content\/uploads\/2021\/03\/facelift.jpeg&#038;#8221<\/a>; alt=&#8221;Facelift&#8221; admin_label=&#8221;Facelift&#8221; _builder_version=&#8221;4.1&#8243; header_font=&#8221;Arial||||||||&#8221; header_font_size=&#8221;20px&#8221; background_enable_image=&#8221;off&#8221; animation=&#8221;off&#8221; link_option_url=&#8221;\/en\/treatments\/face\/facelift\/&#8221; border_radii_image=&#8221;on|4px|4px|4px|4px&#8221;][\/et_pb_blurb][\/et_pb_column][et_pb_column type=&#8221;1_4&#8243; _builder_version=&#8221;4.1&#8243;][et_pb_blurb title=&#8221;Non-Surgical Rhinoplasty with Hyaluronic Acid&#8221; image=&#8221;<a href=\"https:\/\/zurichplastics.com\/wp-content\/uploads\/2021\/03\/nicht-operative-nasenkorrektur.jpeg&#038;#8221\">https:\/\/zurichplastics.com\/wp-content\/uploads\/2021\/03\/nicht-operative-nasenkorrektur.jpeg&#038;#8221<\/a>; alt=&#8221;Non-Surgical Rhinoplasty with Hyaluronic Acid&#8221; admin_label=&#8221;Non-Surgical Rhinoplasty with Hyaluronic Acid&#8221; _builder_version=&#8221;4.1&#8243; header_font=&#8221;Arial||||||||&#8221; header_font_size=&#8221;20px&#8221; background_enable_image=&#8221;off&#8221; animation=&#8221;off&#8221; link_option_url=&#8221;\/en\/treatments\/face\/non-surgical-rhinoplasty-with-hyaluronic-acid\/&#8221; border_radii_image=&#8221;on|4px|4px|4px|4px&#8221;][\/et_pb_blurb][et_pb_blurb title=&#8221;Rhinoplasty (Nose Surgery)&#8221; image=&#8221;<a href=\"https:\/\/zurichplastics.com\/wp-content\/uploads\/2021\/03\/nasenkorrektur.jpeg&#038;#8221\">https:\/\/zurichplastics.com\/wp-content\/uploads\/2021\/03\/nasenkorrektur.jpeg&#038;#8221<\/a>; alt=&#8221;Rhinoplasty (Nose Surgery)&#8221; admin_label=&#8221;Rhinoplasty (Nose Surgery)&#8221; _builder_version=&#8221;4.1&#8243; header_font=&#8221;Arial||||||||&#8221; header_font_size=&#8221;20px&#8221; background_enable_image=&#8221;off&#8221; animation=&#8221;off&#8221; link_option_url=&#8221;\/en\/treatments\/face\/rhinoplasty-nose-surgery\/&#8221; border_radii_image=&#8221;on|4px|4px|4px|4px&#8221;][\/et_pb_blurb][\/et_pb_column][\/et_pb_row][\/et_pb_section][et_pb_section fb_built=&#8221;1&#8243; module_class=&#8221;banner-leistungen&#8221; _builder_version=&#8221;4.1&#8243;][et_pb_row _builder_version=&#8221;4.1&#8243;][et_pb_column type=&#8221;4_4&#8243; _builder_version=&#8221;4.1&#8243;][et_pb_text admin_label=&#8221;Banner&#8221; _builder_version=&#8221;4.1&#8243;]<\/p>\n<h3>Harmonious Precision.<\/h3>\n<p>Greek aesthetics, German quality and Swiss precision.<\/p>\n<p>[\/et_pb_text][\/et_pb_column][\/et_pb_row][\/et_pb_section][et_pb_section fb_built=&#8221;1&#8243; module_class=&#8221;kacheln-leistungen&#8221; _builder_version=&#8221;4.1&#8243;][et_pb_row column_structure=&#8221;1_4,1_4,1_4,1_4&#8243; _builder_version=&#8221;4.1&#8243;][et_pb_column type=&#8221;1_4&#8243; _builder_version=&#8221;4.1&#8243;][et_pb_blurb title=&#8221;Skin Rejuvenation Combo&#8221; image=&#8221;<a href=\"https:\/\/zurichplastics.com\/wp-content\/uploads\/2021\/03\/hautverjuengung.jpeg&#038;#8221\">https:\/\/zurichplastics.com\/wp-content\/uploads\/2021\/03\/hautverjuengung.jpeg&#038;#8221<\/a>; alt=&#8221;Skin Rejuvenation Combo&#8221; admin_label=&#8221;Skin Rejuvenation Combo&#8221; _builder_version=&#8221;4.1&#8243; header_font=&#8221;Arial||||||||&#8221; header_font_size=&#8221;20px&#8221; background_enable_image=&#8221;off&#8221; animation=&#8221;off&#8221; link_option_url=&#8221;\/en\/treatments\/face\/skin-rejuvenation-combo-prp-microneedling-skinbooster\/&#8221; border_radii_image=&#8221;on|4px|4px|4px|4px&#8221;][\/et_pb_blurb][\/et_pb_column][et_pb_column type=&#8221;1_4&#8243; _builder_version=&#8221;4.1&#8243;][et_pb_blurb title=&#8221;PDO Thread Lift&#8221; image=&#8221;<a href=\"https:\/\/zurichplastics.com\/wp-content\/uploads\/2021\/03\/pdo-thread-lift.jpeg&#038;#8221\">https:\/\/zurichplastics.com\/wp-content\/uploads\/2021\/03\/pdo-thread-lift.jpeg&#038;#8221<\/a>; alt=&#8221;PDO Thread Lift&#8221; admin_label=&#8221;PDO Thread Lift&#8221; _builder_version=&#8221;4.1&#8243; header_font=&#8221;Arial||||||||&#8221; header_font_size=&#8221;20px&#8221; background_enable_image=&#8221;off&#8221; animation=&#8221;off&#8221; link_option_url=&#8221;\/en\/treatments\/face\/pdo-thread-lift\/&#8221; border_radii_image=&#8221;on|4px|4px|4px|4px&#8221;][\/et_pb_blurb][\/et_pb_column][et_pb_column type=&#8221;1_4&#8243; _builder_version=&#8221;4.1&#8243;][et_pb_blurb title=&#8221;Non-Surgical Cryolipolysis&#8221; image=&#8221;<a href=\"https:\/\/zurichplastics.com\/wp-content\/uploads\/2021\/03\/kryolipolyse.jpeg&#038;#8221\">https:\/\/zurichplastics.com\/wp-content\/uploads\/2021\/03\/kryolipolyse.jpeg&#038;#8221<\/a>; alt=&#8221;Non-Surgical Cryolipolysis&#8221; admin_label=&#8221;Non-Surgical Cryolipolysis&#8221; _builder_version=&#8221;4.1&#8243; header_font=&#8221;Arial||||||||&#8221; header_font_size=&#8221;20px&#8221; background_enable_image=&#8221;off&#8221; animation=&#8221;off&#8221; link_option_url=&#8221;\/en\/treatments\/face\/non-surgical-cryolipolysis\/&#8221; border_radii_image=&#8221;on|4px|4px|4px|4px&#8221;][\/et_pb_blurb][\/et_pb_column][et_pb_column type=&#8221;1_4&#8243; _builder_version=&#8221;4.1&#8243;][\/et_pb_column][\/et_pb_row][\/et_pb_section][et_pb_section fb_built=&#8221;1&#8243; module_class=&#8221;section-mitgliedschaften&#8221; _builder_version=&#8221;4.1&#8243;][et_pb_row _builder_version=&#8221;4.1&#8243;][et_pb_column type=&#8221;4_4&#8243; _builder_version=&#8221;4.1&#8243;][et_pb_image src=&#8221;<a href=\"https:\/\/zurichplastics.com\/wp-content\/uploads\/2021\/02\/logo-zurich-plastics-footer.png&#038;#8221\">https:\/\/zurichplastics.com\/wp-content\/uploads\/2021\/02\/logo-zurich-plastics-footer.png&#038;#8221<\/a>; alt=&#8221;zurich plastics harmonious precision&#8221; title_text=&#8221;zurich plastics harmonious precision&#8221; align=&#8221;center&#8221; _builder_version=&#8221;4.1&#8243;][\/et_pb_image][et_pb_text _builder_version=&#8221;4.1&#8243;]Greek aesthetics, German quality and Swiss precision.[\/et_pb_text][\/et_pb_column][\/et_pb_row][\/et_pb_section]<\/p>\n","protected":false},"excerpt":{"rendered":"<p>Face TreatmentsHarmoniousPrecision.Harmonious Precision. Greek aesthetics, German quality and Swiss precision.Greek aesthetics, German quality and Swiss precision.<\/p>\n","protected":false},"author":3,"featured_media":0,"parent":359,"menu_order":30,"comment_status":"closed","ping_status":"closed","template":"behandlungsuebersicht-template.php","meta":{"_acf_changed":false,"_et_pb_use_builder":"on","_et_pb_old_content":"[et_pb_section fb_built=\"1\" _builder_version=\"4.1\"][et_pb_row _builder_version=\"4.1\"][et_pb_column type=\"4_4\" _builder_version=\"4.1\"][et_pb_text _builder_version=\"4.1\"]<h1>Gesichtsbehandlungen<\/h1>[\/et_pb_text][\/et_pb_column][\/et_pb_row][et_pb_row module_class=\"kopfbereich\" _builder_version=\"4.1\" background_enable_image=\"off\"][et_pb_column type=\"4_4\" _builder_version=\"4.1\"][et_pb_image src=\"https:\/\/zurichplastics.com\/wp-content\/uploads\/2021\/02\/headerbild-behandlungen.jpg\" _builder_version=\"4.1\"][\/et_pb_image][et_pb_text _builder_version=\"4.1\"]<h2>Harmonische<span>Pr\u00e4zision.<\/span><\/h2>[\/et_pb_text][\/et_pb_column][\/et_pb_row][\/et_pb_section][et_pb_section fb_built=\"1\" module_class=\"kacheln-leistungen\" _builder_version=\"4.1\"][et_pb_row column_structure=\"1_3,1_3,1_3\" _builder_version=\"4.1\"][et_pb_column type=\"1_3\" _builder_version=\"4.1\"][et_pb_blurb title=\"Faltenbehandlung \u2013 Hyalurons\u00e4ure & Botulinumtoxin\" image=\"https:\/\/zurichplastics.com\/wp-content\/uploads\/2021\/02\/koerper-kachel.jpg\" _builder_version=\"4.1\" background_enable_image=\"off\"][\/et_pb_blurb][et_pb_blurb title=\"Nicht operative Nasenkorrektur mit Hyalurons\u00e4ure\" image=\"https:\/\/zurichplastics.com\/wp-content\/uploads\/2021\/02\/koerper-kachel.jpg\" _builder_version=\"4.1\" background_enable_image=\"off\"][\/et_pb_blurb][\/et_pb_column][et_pb_column type=\"1_3\" _builder_version=\"4.1\"][et_pb_blurb title=\"PDO Thread Lift \/ Silhouette Soft Facelift\" image=\"https:\/\/zurichplastics.com\/wp-content\/uploads\/2021\/02\/koerper-kachel.jpg\" _builder_version=\"4.1\" background_enable_image=\"off\"][\/et_pb_blurb][et_pb_blurb title=\"Liquid 8 Point Facelift mit Hyalurons\u00e4ure\" image=\"https:\/\/zurichplastics.com\/wp-content\/uploads\/2021\/02\/koerper-kachel.jpg\" _builder_version=\"4.1\" background_enable_image=\"off\"][\/et_pb_blurb][\/et_pb_column][et_pb_column type=\"1_3\" _builder_version=\"4.1\"][et_pb_blurb title=\"Hautverj\u00fcngung \u2013 PRP, Microneedling & Skinbooster\" image=\"https:\/\/zurichplastics.com\/wp-content\/uploads\/2021\/02\/koerper-kachel.jpg\" _builder_version=\"4.1\" background_enable_image=\"off\"][\/et_pb_blurb][et_pb_blurb title=\"Lippenvergr\u00f6sserung mit Hyalurons\u00e4ure\" image=\"https:\/\/zurichplastics.com\/wp-content\/uploads\/2021\/02\/koerper-kachel.jpg\" _builder_version=\"4.1\" background_enable_image=\"off\"][\/et_pb_blurb][\/et_pb_column][\/et_pb_row][\/et_pb_section][et_pb_section fb_built=\"1\" module_class=\"banner-leistungen\" _builder_version=\"4.1\"][et_pb_row _builder_version=\"4.1\"][et_pb_column type=\"4_4\" _builder_version=\"4.1\"][et_pb_text admin_label=\"Banner\" _builder_version=\"4.1\"]<h3>Harmonische Pr\u00e4zision.<\/h3>\r\n<p>Griechische \u00c4sthetik, Deutsche Qualit\u00e4t und Schweizer Pr\u00e4zision.<\/p>[\/et_pb_text][\/et_pb_column][\/et_pb_row][\/et_pb_section][et_pb_section fb_built=\"1\" module_class=\"kacheln-leistungen\" _builder_version=\"4.1\"][et_pb_row column_structure=\"1_3,1_3,1_3\" _builder_version=\"4.1\"][et_pb_column type=\"1_3\" _builder_version=\"4.1\"][et_pb_blurb title=\"Kryolipolyse \u2013 Fettreduzierung durch K\u00e4lte\" image=\"https:\/\/zurichplastics.com\/wp-content\/uploads\/2021\/02\/koerper-kachel.jpg\" _builder_version=\"4.1\" background_enable_image=\"off\"][\/et_pb_blurb][et_pb_blurb title=\"Otoplastik (Ohrkorrektur)\" image=\"https:\/\/zurichplastics.com\/wp-content\/uploads\/2021\/02\/koerper-kachel.jpg\" _builder_version=\"4.1\" background_enable_image=\"off\"][\/et_pb_blurb][\/et_pb_column][et_pb_column type=\"1_3\" _builder_version=\"4.1\"][et_pb_blurb title=\"Blepharoplasty ( Augenlidoperation)\" image=\"https:\/\/zurichplastics.com\/wp-content\/uploads\/2021\/02\/koerper-kachel.jpg\" _builder_version=\"4.1\" background_enable_image=\"off\"][\/et_pb_blurb][et_pb_blurb title=\"Facelift\" image=\"https:\/\/zurichplastics.com\/wp-content\/uploads\/2021\/02\/koerper-kachel.jpg\" _builder_version=\"4.1\" background_enable_image=\"off\"][\/et_pb_blurb][\/et_pb_column][et_pb_column type=\"1_3\" _builder_version=\"4.1\"][et_pb_blurb title=\"Nasenkorrektur (Nasenoperation)\" image=\"https:\/\/zurichplastics.com\/wp-content\/uploads\/2021\/02\/koerper-kachel.jpg\" _builder_version=\"4.1\" background_enable_image=\"off\"][\/et_pb_blurb][\/et_pb_column][\/et_pb_row][\/et_pb_section][et_pb_section fb_built=\"1\" module_class=\"section-mitgliedschaften\" _builder_version=\"4.1\"][et_pb_row _builder_version=\"4.1\"][et_pb_column type=\"4_4\" _builder_version=\"4.1\"][et_pb_image src=\"https:\/\/zurichplastics.com\/wp-content\/uploads\/2021\/02\/logo-zurich-plastics-footer.png\" align=\"center\" _builder_version=\"4.1\"][\/et_pb_image][et_pb_text _builder_version=\"4.1\"]Griechische \u00c4sthetik, Deutsche Qualit\u00e4t und Schweizer Pr\u00e4zision.[\/et_pb_text][\/et_pb_column][\/et_pb_row][\/et_pb_section]","_et_gb_content_width":"","_crdt_document":"","inline_featured_image":false,"footnotes":""},"class_list":["post-371","page","type-page","status-publish","hentry"],"acf":[],"aioseo_notices":[],"jetpack_sharing_enabled":true,"jetpack_shortlink":"https:\/\/wp.me\/PgBsGD-5Z","_links":{"self":[{"href":"https:\/\/zurichplastics.com\/en\/wp-json\/wp\/v2\/pages\/371","targetHints":{"allow":["GET"]}}],"collection":[{"href":"https:\/\/zurichplastics.com\/en\/wp-json\/wp\/v2\/pages"}],"about":[{"href":"https:\/\/zurichplastics.com\/en\/wp-json\/wp\/v2\/types\/page"}],"author":[{"embeddable":true,"href":"https:\/\/zurichplastics.com\/en\/wp-json\/wp\/v2\/users\/3"}],"replies":[{"embeddable":true,"href":"https:\/\/zurichplastics.com\/en\/wp-json\/wp\/v2\/comments?post=371"}],"version-history":[{"count":2,"href":"https:\/\/zurichplastics.com\/en\/wp-json\/wp\/v2\/pages\/371\/revisions"}],"predecessor-version":[{"id":5837,"href":"https:\/\/zurichplastics.com\/en\/wp-json\/wp\/v2\/pages\/371\/revisions\/5837"}],"up":[{"embeddable":true,"href":"https:\/\/zurichplastics.com\/en\/wp-json\/wp\/v2\/pages\/359"}],"wp:attachment":[{"href":"https:\/\/zurichplastics.com\/en\/wp-json\/wp\/v2\/media?parent=371"}],"curies":[{"name":"wp","href":"https:\/\/api.w.org\/{rel}","templated":true}]}}