{"id":410,"date":"2021-03-11T15:18:30","date_gmt":"2021-03-11T15:18:30","guid":{"rendered":"https:\/\/zurich-plastics.aw003.de\/?page_id=410"},"modified":"2024-05-10T09:13:30","modified_gmt":"2024-05-10T09:13:30","slug":"wrinkle-treatment-hyaluronic-neuromodulators","status":"publish","type":"page","link":"https:\/\/zurichplastics.com\/en\/treatments\/face\/wrinkle-treatment-hyaluronic-neuromodulators\/","title":{"rendered":"Wrinkle Treatment \u2013 Hyaluronic Acid &#038; Neuromodulators"},"content":{"rendered":"<p>[et_pb_section fb_built=&#8221;1&#8243; _builder_version=&#8221;4.1&#8243;][et_pb_row column_structure=&#8221;2_3,1_3&#8243; _builder_version=&#8221;4.1&#8243;][et_pb_column type=&#8221;2_3&#8243; _builder_version=&#8221;4.1&#8243;][et_pb_text _builder_version=&#8221;4.1&#8243; hover_enabled=&#8221;0&#8243;]<\/p>\n<h1>Wrinkle Treatment \u2013 Hyaluronic Acid &amp; Neuromodulators<\/h1>\n<p>The number one telltale signs of an aging face are wrinkles, which are typically caused by daily facial expressions and a loss in skin elasticity and volume.<\/p>\n<p>On the plus side, we\u2019ve combine two of the most effective treatments, hyaluronic acid and neuromodulators, to effectively combat wrinkles and help restore rejuvenation and youth.<\/p>\n<p>Neuromodulators are well-known protein that prevents the transmission of nerve impulses hence it is used on certain areas to smoothen them out and reduce the use of those muscles.<\/p>\n<p>Nowadays with the use of the last generation of hyaluronic acids we are able not only to treat static wrinkles by restoring volume to the injected area, but we can achieve a facial rejuvenation by lifting specific anatomical structures of the face &#8211; hence yielding your desired, youthful appearance.<\/p>\n<p>[\/et_pb_text][et_pb_text admin_label=&#8221;Beratungsanfrage&#8221; module_id=&#8221;kontakt&#8221; module_class=&#8221;btn-buchen&#8221; _builder_version=&#8221;4.1&#8243;]<\/p>\n<div class=\"formular-bild\">\n<h2>Request an appointment<\/h2>\n<p>The plastic surgeon Konstantinos Jiouchas will be happy to advise you individually and professionally in our Zurich practice (Zurich Plastics, Maneggstrasse 45, 8041 Zurich, phone +41 44 576 94 54). Arrange your personal consultation appointment now.<\/p>\n<\/div>\n\n<div class=\"wpcf7 no-js\" id=\"wpcf7-f4507-o1\" lang=\"de-DE\" dir=\"ltr\" data-wpcf7-id=\"4507\">\n<div class=\"screen-reader-response\"><p role=\"status\" aria-live=\"polite\" aria-atomic=\"true\"><\/p> <ul><\/ul><\/div>\n<form action=\"\/en\/wp-json\/wp\/v2\/pages\/410#wpcf7-f4507-o1\" method=\"post\" class=\"wpcf7-form init wpcf7-acceptance-as-validation\" aria-label=\"Kontaktformular\" novalidate=\"novalidate\" data-status=\"init\">\n<fieldset class=\"hidden-fields-container\"><input type=\"hidden\" name=\"_wpcf7\" value=\"4507\" \/><input type=\"hidden\" name=\"_wpcf7_version\" value=\"6.1.4\" \/><input type=\"hidden\" name=\"_wpcf7_locale\" value=\"de_DE\" \/><input type=\"hidden\" name=\"_wpcf7_unit_tag\" value=\"wpcf7-f4507-o1\" \/><input type=\"hidden\" name=\"_wpcf7_container_post\" value=\"0\" \/><input type=\"hidden\" name=\"_wpcf7_posted_data_hash\" value=\"\" \/>\n<\/fieldset>\n<div class=\"kontaktformular\">\n\t<div class=\"multi-row\">\n\t\t<div class=\"one-half\">\n\t\t\t<p><span class=\"wpcf7-form-control-wrap\" data-name=\"dername\"><input size=\"40\" maxlength=\"400\" class=\"wpcf7-form-control wpcf7-text wpcf7-validates-as-required\" aria-required=\"true\" aria-invalid=\"false\" placeholder=\"First- and last name*\" value=\"\" type=\"text\" name=\"dername\" \/><\/span><br \/>\n<span class=\"wpcf7-form-control-wrap\" data-name=\"mail\"><input size=\"40\" maxlength=\"400\" class=\"wpcf7-form-control wpcf7-text wpcf7-validates-as-required\" aria-required=\"true\" aria-invalid=\"false\" placeholder=\"E-Mail*\" value=\"\" type=\"text\" name=\"mail\" \/><\/span>\n\t\t\t<\/p>\n\t\t<\/div>\n\t\t<div class=\"one-half\">\n\t\t\t<p><span class=\"wpcf7-form-control-wrap\" data-name=\"tel\"><input size=\"40\" maxlength=\"400\" class=\"wpcf7-form-control wpcf7-text wpcf7-validates-as-required\" aria-required=\"true\" aria-invalid=\"false\" placeholder=\"Telephone*\" value=\"\" type=\"text\" name=\"tel\" \/><\/span>\n\t\t\t<\/p>\n\t\t<\/div>\n\t<\/div>\n\t<div class=\"inputfelder\">\n\t\t<p><span class=\"wpcf7-form-control-wrap\" data-name=\"textarea-675\"><textarea cols=\"40\" rows=\"10\" maxlength=\"2000\" class=\"wpcf7-form-control wpcf7-textarea\" aria-invalid=\"false\" placeholder=\"Write to us with your questions or concerns\" name=\"textarea-675\"><\/textarea><\/span>\n\t\t<\/p>\n\t<\/div>\n\t<div class=\"relative-form-dsgvo\">\n\t\t<p><span class=\"wpcf7-form-control-wrap\" data-name=\"acceptance-414\"><span class=\"wpcf7-form-control wpcf7-acceptance\"><span class=\"wpcf7-list-item\"><input type=\"checkbox\" name=\"acceptance-414\" value=\"1\" aria-invalid=\"false\" \/><\/span><\/span><\/span> I have read and accept the <a href=\"https:\/\/zurichplastics.com\/en\/privacy-policy\/\" target=\"_blank\">privacy policy<\/a>.<br \/>\nAll fields marked with an asterisk (*) are mandatory.\n\t\t<\/p>\n\t<\/div>\n\t<p><span id=\"wpcf7-69d09d7bb8afc-wrapper\" class=\"wpcf7-form-control-wrap honeypot-192-wrap\" style=\"display:none !important; visibility:hidden !important;\"><label for=\"wpcf7-69d09d7bb8afc-field\" class=\"hp-message\">Bitte lasse dieses Feld leer.<\/label><input id=\"wpcf7-69d09d7bb8afc-field\"  class=\"wpcf7-form-control wpcf7-text\" type=\"text\" name=\"honeypot-192\" value=\"\" size=\"40\" tabindex=\"-1\" autocomplete=\"new-password\" \/><\/span><br \/>\n<input class=\"wpcf7-form-control wpcf7-submit has-spinner\" type=\"submit\" value=\"Request an appointment\" \/>\n\t<\/p>\n<\/div><p style=\"display: none !important;\" class=\"akismet-fields-container\" data-prefix=\"_wpcf7_ak_\"><label>&#916;<textarea name=\"_wpcf7_ak_hp_textarea\" cols=\"45\" rows=\"8\" maxlength=\"100\"><\/textarea><\/label><input type=\"hidden\" id=\"ak_js_1\" name=\"_wpcf7_ak_js\" value=\"44\"\/><script>document.getElementById( \"ak_js_1\" ).setAttribute( \"value\", ( new Date() ).getTime() );<\/script><\/p><div class=\"frc-captcha \" data-sitekey=\"FCMGHNLIIJFUM5AS\" data-lang=\"de\" ><\/div>\n\t\t<noscript>You need to enable Javascript for the anti-spam check.<\/noscript><div class=\"wpcf7-response-output\" aria-hidden=\"true\"><\/div>\n<\/form>\n<\/div>\n\n<p>[\/et_pb_text][\/et_pb_column][et_pb_column type=&#8221;1_3&#8243; _builder_version=&#8221;4.1&#8243;][et_pb_text module_class=&#8221;liste-unterseite&#8221; _builder_version=&#8221;4.1&#8243; hover_enabled=&#8221;0&#8243;]<\/p>\n<ul>\n<li class=\"schmerz\">No pain<\/li>\n<li class=\"zeit\">Treatment duration 15-30mins<\/li>\n<li class=\"sanduhr\">Results last up to 18 months for Hyaluronic Acid<\/li>\n<li class=\"sanduhr\">Results last up to 6 months for Neuromodulators<\/li>\n<li class=\"stab\">Immediate results<\/li>\n<li class=\"spritze\">Injectable treatment<\/li>\n<li class=\"prozess\">No down time<\/li>\n<\/ul>\n<p>[\/et_pb_text][\/et_pb_column][\/et_pb_row][\/et_pb_section][et_pb_section fb_built=&#8221;1&#8243; module_class=&#8221;section-mitgliedschaften&#8221; _builder_version=&#8221;4.1&#8243;][et_pb_row _builder_version=&#8221;4.1&#8243;][et_pb_column type=&#8221;4_4&#8243; _builder_version=&#8221;4.1&#8243;][et_pb_image src=&#8221;<a href=\"https:\/\/zurichplastics.com\/wp-content\/uploads\/2021\/02\/logo-zurich-plastics-footer.png&#038;#8221\">https:\/\/zurichplastics.com\/wp-content\/uploads\/2021\/02\/logo-zurich-plastics-footer.png&#038;#8221<\/a>; alt=&#8221;zurich plastics harmonious precision&#8221; title_text=&#8221;zurich plastics harmonious precision&#8221; align=&#8221;center&#8221; _builder_version=&#8221;4.1&#8243;][\/et_pb_image][et_pb_text _builder_version=&#8221;4.1&#8243; hover_enabled=&#8221;0&#8243;]Greek aesthetics, German quality and Swiss precision.[\/et_pb_text][\/et_pb_column][\/et_pb_row][\/et_pb_section]<\/p>\n","protected":false},"excerpt":{"rendered":"<p>Wrinkle Treatment \u2013 Hyaluronic Acid &amp; Neuromodulators The number one telltale signs of an aging face are wrinkles, which are typically caused by daily facial expressions and a loss in skin elasticity and volume. On the plus side, we\u2019ve combine two of the most effective treatments, hyaluronic acid and neuromodulators, to effectively combat wrinkles and [&hellip;]<\/p>\n","protected":false},"author":3,"featured_media":635,"parent":371,"menu_order":0,"comment_status":"closed","ping_status":"closed","template":"unterseite.php","meta":{"_acf_changed":false,"_et_pb_use_builder":"on","_et_pb_old_content":"[et_pb_section fb_built=\"1\" _builder_version=\"4.1\"][et_pb_row column_structure=\"2_3,1_3\" _builder_version=\"4.1\"][et_pb_column type=\"2_3\" _builder_version=\"4.1\"][et_pb_text _builder_version=\"4.1\"]<h1>Faltenbehandlung \u2013 Hyalurons\u00e4ure & Botulinumtoxin<\/h1>\r\n<p>Anzeichen eines alterndes Gesichtes sind Falten, die typischerweise durch t\u00e4gliche Gesichtsausdr\u00fccke und einen Verlust an Elastizit\u00e4t und Volumen des Gewebes verursacht werden. Zwei bew\u00e4hrte Therapiem\u00f6glichkeiten sind der Einsatz von Hyalurons\u00e4ure und Botulinumtoxin, auch in Kombination, um Falten wirksam zu bek\u00e4mpfen und dem Patienten ein jugendlicheres, frischeres Aussehen zu gew\u00e4hrleisten.\r\n\r\nBotulinumtoxin ist ein altbew\u00e4hrtes Protein in der Medizin, welches die \u00dcbertragung von Nervenimpulsen an Muskel verhindert und somit die behandelten Hautareale durch Aufhebung der Muskelaktivit\u00e4t gl\u00e4ttet.\r\n\r\nHyalurons\u00e4urefiller wird eingesetzt um statische Hautfalten sowie Bereiche mit Volumenverluste zu behandeln. Hierduch kann man mit gezielten Injektion Ihr gew\u00fcnschtes, jugendlicheres Aussehen erzielen.<\/p>[\/et_pb_text][et_pb_text module_class=\"btn-buchen\" _builder_version=\"4.1\" hover_enabled=\"0\"]<a href=\"\/kontakt\/\" class=\"buchen\">Jetzt buchen<\/a>[\/et_pb_text][\/et_pb_column][et_pb_column type=\"1_3\" _builder_version=\"4.1\"][et_pb_text module_class=\"liste-unterseite\" _builder_version=\"4.1\"]<ul>\r\n<li class=\"schmerz\">Keine Schmerzen bei der Behandlung<\/li>\r\n<li class=\"zeit\">Behandlungsdauer 15-30 Min<\/li>\r\n<li class=\"sanduhr\">Resultat f\u00fcr Hyalurons\u00e4ure h\u00e4lt bis zu 18 Monate an<\/li>\r\n<li class=\"sanduhr\">Resultat f\u00fcr Botox h\u00e4lt bis zu 6 Monate an<\/li>\r\n<li class=\"stab\">Jugenlicheres Aussehen<\/li>\r\n<li class=\"spritze\">Injektion<\/li>\r\n<li class=\"prozess\">Keine Ausfallzeiten, direkt Gesellschaftsf\u00e4hig<\/li>\r\n<\/ul>[\/et_pb_text][\/et_pb_column][\/et_pb_row][\/et_pb_section][et_pb_section fb_built=\"1\" module_class=\"section-mitgliedschaften\" _builder_version=\"4.1\"][et_pb_row _builder_version=\"4.1\"][et_pb_column type=\"4_4\" _builder_version=\"4.1\"][et_pb_image src=\"https:\/\/zurichplastics.com\/wp-content\/uploads\/2021\/02\/logo-zurich-plastics-footer.png\" align=\"center\" _builder_version=\"4.1\"][\/et_pb_image][et_pb_text _builder_version=\"4.1\"]Griechische \u00c4sthetik, Deutsche Qualit\u00e4t und Schweizer Pr\u00e4zision.[\/et_pb_text][\/et_pb_column][\/et_pb_row][\/et_pb_section]","_et_gb_content_width":"","_crdt_document":"","inline_featured_image":false,"footnotes":""},"class_list":["post-410","page","type-page","status-publish","has-post-thumbnail","hentry"],"acf":[],"aioseo_notices":[],"jetpack_sharing_enabled":true,"jetpack_shortlink":"https:\/\/wp.me\/PgBsGD-6C","_links":{"self":[{"href":"https:\/\/zurichplastics.com\/en\/wp-json\/wp\/v2\/pages\/410","targetHints":{"allow":["GET"]}}],"collection":[{"href":"https:\/\/zurichplastics.com\/en\/wp-json\/wp\/v2\/pages"}],"about":[{"href":"https:\/\/zurichplastics.com\/en\/wp-json\/wp\/v2\/types\/page"}],"author":[{"embeddable":true,"href":"https:\/\/zurichplastics.com\/en\/wp-json\/wp\/v2\/users\/3"}],"replies":[{"embeddable":true,"href":"https:\/\/zurichplastics.com\/en\/wp-json\/wp\/v2\/comments?post=410"}],"version-history":[{"count":3,"href":"https:\/\/zurichplastics.com\/en\/wp-json\/wp\/v2\/pages\/410\/revisions"}],"predecessor-version":[{"id":5833,"href":"https:\/\/zurichplastics.com\/en\/wp-json\/wp\/v2\/pages\/410\/revisions\/5833"}],"up":[{"embeddable":true,"href":"https:\/\/zurichplastics.com\/en\/wp-json\/wp\/v2\/pages\/371"}],"wp:featuredmedia":[{"embeddable":true,"href":"https:\/\/zurichplastics.com\/en\/wp-json\/wp\/v2\/media\/635"}],"wp:attachment":[{"href":"https:\/\/zurichplastics.com\/en\/wp-json\/wp\/v2\/media?parent=410"}],"curies":[{"name":"wp","href":"https:\/\/api.w.org\/{rel}","templated":true}]}}