{"id":423,"date":"2021-03-12T08:05:00","date_gmt":"2021-03-12T08:05:00","guid":{"rendered":"https:\/\/zurich-plastics.aw003.de\/?page_id=423"},"modified":"2023-07-25T09:06:33","modified_gmt":"2023-07-25T09:06:33","slug":"non-surgical-cryolipolysis","status":"publish","type":"page","link":"https:\/\/zurichplastics.com\/en\/treatments\/face\/non-surgical-cryolipolysis\/","title":{"rendered":"Non-Surgical Cryolipolysis"},"content":{"rendered":"<p>[et_pb_section fb_built=&#8221;1&#8243; _builder_version=&#8221;4.1&#8243;][et_pb_row column_structure=&#8221;2_3,1_3&#8243; _builder_version=&#8221;4.1&#8243;][et_pb_column type=&#8221;2_3&#8243; _builder_version=&#8221;4.1&#8243;][et_pb_text _builder_version=&#8221;4.1&#8243;]<\/p>\n<h1>Non-Surgical Cryolipolysis<\/h1>\n<p>Cryolipolysis is a procedure used to remove stubborn fat from the face. It can be used to target resistant fat, such as a double chin, as it is the ideal method to combat localized fat, with fewer side effects in comparison to other traditional procedures.<\/p>\n<p>In essence, this treatment \u2018melts\u2019 unwanted fat either by allowing the body to metabolise it or by implementing a suction method that removes the bigger masses of fat.<\/p>\n<p>This procedure is a clinically proven, non-surgical treatment without the need for downtime.<\/p>\n<p>[\/et_pb_text][et_pb_text admin_label=&#8221;Beratungsanfrage&#8221; module_id=&#8221;kontakt&#8221; module_class=&#8221;btn-buchen&#8221; _builder_version=&#8221;4.1&#8243;]<\/p>\n<div class=\"formular-bild\">\n<h2>Request an appointment<\/h2>\n<p>The plastic surgeon Konstantinos Jiouchas will be happy to advise you individually and professionally in our Zurich practice (Zurich Plastics, Maneggstrasse 45, 8041 Zurich, phone +41 44 576 94 54). Arrange your personal consultation appointment now.<\/p>\n<\/div>\n\n<div class=\"wpcf7 no-js\" id=\"wpcf7-f4507-o1\" lang=\"de-DE\" dir=\"ltr\" data-wpcf7-id=\"4507\">\n<div class=\"screen-reader-response\"><p role=\"status\" aria-live=\"polite\" aria-atomic=\"true\"><\/p> <ul><\/ul><\/div>\n<form action=\"\/en\/wp-json\/wp\/v2\/pages\/423#wpcf7-f4507-o1\" method=\"post\" class=\"wpcf7-form init wpcf7-acceptance-as-validation\" aria-label=\"Kontaktformular\" novalidate=\"novalidate\" data-status=\"init\">\n<fieldset class=\"hidden-fields-container\"><input type=\"hidden\" name=\"_wpcf7\" value=\"4507\" \/><input type=\"hidden\" name=\"_wpcf7_version\" value=\"6.1.4\" \/><input type=\"hidden\" name=\"_wpcf7_locale\" value=\"de_DE\" \/><input type=\"hidden\" name=\"_wpcf7_unit_tag\" value=\"wpcf7-f4507-o1\" \/><input type=\"hidden\" name=\"_wpcf7_container_post\" value=\"0\" \/><input type=\"hidden\" name=\"_wpcf7_posted_data_hash\" value=\"\" \/>\n<\/fieldset>\n<div class=\"kontaktformular\">\n\t<div class=\"multi-row\">\n\t\t<div class=\"one-half\">\n\t\t\t<p><span class=\"wpcf7-form-control-wrap\" data-name=\"dername\"><input size=\"40\" maxlength=\"400\" class=\"wpcf7-form-control wpcf7-text wpcf7-validates-as-required\" aria-required=\"true\" aria-invalid=\"false\" placeholder=\"First- and last name*\" value=\"\" type=\"text\" name=\"dername\" \/><\/span><br \/>\n<span class=\"wpcf7-form-control-wrap\" data-name=\"mail\"><input size=\"40\" maxlength=\"400\" class=\"wpcf7-form-control wpcf7-text wpcf7-validates-as-required\" aria-required=\"true\" aria-invalid=\"false\" placeholder=\"E-Mail*\" value=\"\" type=\"text\" name=\"mail\" \/><\/span>\n\t\t\t<\/p>\n\t\t<\/div>\n\t\t<div class=\"one-half\">\n\t\t\t<p><span class=\"wpcf7-form-control-wrap\" data-name=\"tel\"><input size=\"40\" maxlength=\"400\" class=\"wpcf7-form-control wpcf7-text wpcf7-validates-as-required\" aria-required=\"true\" aria-invalid=\"false\" placeholder=\"Telephone*\" value=\"\" type=\"text\" name=\"tel\" \/><\/span>\n\t\t\t<\/p>\n\t\t<\/div>\n\t<\/div>\n\t<div class=\"inputfelder\">\n\t\t<p><span class=\"wpcf7-form-control-wrap\" data-name=\"textarea-675\"><textarea cols=\"40\" rows=\"10\" maxlength=\"2000\" class=\"wpcf7-form-control wpcf7-textarea\" aria-invalid=\"false\" placeholder=\"Write to us with your questions or concerns\" name=\"textarea-675\"><\/textarea><\/span>\n\t\t<\/p>\n\t<\/div>\n\t<div class=\"relative-form-dsgvo\">\n\t\t<p><span class=\"wpcf7-form-control-wrap\" data-name=\"acceptance-414\"><span class=\"wpcf7-form-control wpcf7-acceptance\"><span class=\"wpcf7-list-item\"><input type=\"checkbox\" name=\"acceptance-414\" value=\"1\" aria-invalid=\"false\" \/><\/span><\/span><\/span> I have read and accept the <a href=\"https:\/\/zurichplastics.com\/en\/privacy-policy\/\" target=\"_blank\">privacy policy<\/a>.<br \/>\nAll fields marked with an asterisk (*) are mandatory.\n\t\t<\/p>\n\t<\/div>\n\t<p><span id=\"wpcf7-69fb1731b98cb-wrapper\" class=\"wpcf7-form-control-wrap honeypot-192-wrap\" style=\"display:none !important; visibility:hidden !important;\"><label for=\"wpcf7-69fb1731b98cb-field\" class=\"hp-message\">Bitte lasse dieses Feld leer.<\/label><input id=\"wpcf7-69fb1731b98cb-field\"  class=\"wpcf7-form-control wpcf7-text\" type=\"text\" name=\"honeypot-192\" value=\"\" size=\"40\" tabindex=\"-1\" autocomplete=\"new-password\" \/><\/span><br \/>\n<input class=\"wpcf7-form-control wpcf7-submit has-spinner\" type=\"submit\" value=\"Request an appointment\" \/>\n\t<\/p>\n<\/div><p style=\"display: none !important;\" class=\"akismet-fields-container\" data-prefix=\"_wpcf7_ak_\"><label>&#916;<textarea name=\"_wpcf7_ak_hp_textarea\" cols=\"45\" rows=\"8\" maxlength=\"100\"><\/textarea><\/label><input type=\"hidden\" id=\"ak_js_1\" name=\"_wpcf7_ak_js\" value=\"243\"\/><script type=\"text\/javascript\">\n\/* <![CDATA[ *\/\ndocument.getElementById( \"ak_js_1\" ).setAttribute( \"value\", ( new Date() ).getTime() );\n\/* ]]> *\/\n<\/script>\n<\/p><div class=\"frc-captcha \" data-sitekey=\"FCMGHNLIIJFUM5AS\" data-lang=\"de\" ><\/div>\n\t\t<noscript>You need to enable Javascript for the anti-spam check.<\/noscript><div class=\"wpcf7-response-output\" aria-hidden=\"true\"><\/div>\n<\/form>\n<\/div>\n\n<p>[\/et_pb_text][\/et_pb_column][et_pb_column type=&#8221;1_3&#8243; _builder_version=&#8221;4.1&#8243;][et_pb_text module_class=&#8221;liste-unterseite&#8221; _builder_version=&#8221;4.1&#8243;]<\/p>\n<ul>\n<li class=\"schmerz\">Mild discomfort<\/li>\n<li class=\"zeit\">Duration of treatment &#8211; up to 60 mins<\/li>\n<li class=\"results_appear\">Results start to appear within weeks<\/li>\n<li class=\"ablauf\">Up to 3 procedures required<\/li>\n<li class=\"forever\">Permanent results<\/li>\n<li class=\"not-invasiv\">Non-invasive<\/li>\n<li class=\"prozess\">No downtime<\/li>\n<\/ul>\n<p>[\/et_pb_text][\/et_pb_column][\/et_pb_row][\/et_pb_section][et_pb_section fb_built=&#8221;1&#8243; module_class=&#8221;section-mitgliedschaften&#8221; _builder_version=&#8221;4.1&#8243;][et_pb_row _builder_version=&#8221;4.1&#8243;][et_pb_column type=&#8221;4_4&#8243; _builder_version=&#8221;4.1&#8243;][et_pb_image src=&#8221;<a href=\"https:\/\/zurichplastics.com\/wp-content\/uploads\/2021\/02\/logo-zurich-plastics-footer.png&#038;#8221\">https:\/\/zurichplastics.com\/wp-content\/uploads\/2021\/02\/logo-zurich-plastics-footer.png&#038;#8221<\/a>; alt=&#8221;zurich plastics harmonious precision&#8221; title_text=&#8221;zurich plastics harmonious precision&#8221; align=&#8221;center&#8221; _builder_version=&#8221;4.1&#8243;][\/et_pb_image][et_pb_text _builder_version=&#8221;4.1&#8243;]Greek aesthetics, German quality and Swiss precision.[\/et_pb_text][\/et_pb_column][\/et_pb_row][\/et_pb_section]<\/p>\n","protected":false},"excerpt":{"rendered":"<p>Non-Surgical Cryolipolysis Cryolipolysis is a procedure used to remove stubborn fat from the face. It can be used to target resistant fat, such as a double chin, as it is the ideal method to combat localized fat, with fewer side effects in comparison to other traditional procedures. In essence, this treatment \u2018melts\u2019 unwanted fat either [&hellip;]<\/p>\n","protected":false},"author":3,"featured_media":623,"parent":371,"menu_order":0,"comment_status":"closed","ping_status":"closed","template":"unterseite.php","meta":{"_acf_changed":false,"_et_pb_use_builder":"on","_et_pb_old_content":"[et_pb_section fb_built=\"1\" _builder_version=\"4.1\"][et_pb_row column_structure=\"2_3,1_3\" _builder_version=\"4.1\"][et_pb_column type=\"2_3\" _builder_version=\"4.1\"][et_pb_text _builder_version=\"4.1\" hover_enabled=\"0\"]<h1>Kryolipolyse \u2013 Fettreduzierung durch K\u00e4lte<\/h1>\r\n<p>Kryolipolyse (Syn. Coolsculpting) ist ein Verfahren, mit dem man hartn\u00e4ckige Fettpolster auch im Gesicht entfernen kann.\r\n\r\nHierbei wird mit einem spezifischen Aufsatz die Doppelkinnpartie behandelt. Die Fettzellen werden auf -10 Grad Celsius abgek\u00fchlt. Dies f\u00fchrt im weiteren Verlauf zu einer Fettzellenreduktion von bis zu 30 %.. Erfreulicherweise f\u00fchrt diese Behandlung nicht nur zu einem Volumenverlust, sondern auch zu einer Straffung des behandelten Areales.\r\n\r\nDieses Verfahren der klinischen Kryolipolyse ( im Gegensatz zur kosmetischen Kryolipolyse) ist eine klinisch erprobte, nicht-chirurgische Behandlung ohne Ausfallzeiten.<\/p>[\/et_pb_text][et_pb_text module_class=\"btn-buchen\" _builder_version=\"4.1\"]<a href=\"\/kontakt\/\" class=\"buchen\">Jetzt buchen<\/a>[\/et_pb_text][\/et_pb_column][et_pb_column type=\"1_3\" _builder_version=\"4.1\"][et_pb_text module_class=\"liste-unterseite\" _builder_version=\"4.1\" hover_enabled=\"0\"]<ul>\r\n<li class=\"schmerz\">Mildes Unbehagen\r\n<\/li>\r\n<li class=\"zeit\">Bis zu 60 Minuten Behandlungsdauer<\/li>\r\n<li class=\"sanduhr\">Resultat sind ab der 3. Woche sichtbar<\/li>\r\n<li class=\"sanduhr\">Bis zu 3 Prozeduren erforderlich<\/li>\r\n<li class=\"stab\">Permanente Ergebnisse<\/li>\r\n<li class=\"spritze\">Nicht invasiv<\/li>\r\n<li class=\"prozess\">Keine Ausfallzeit<\/li>\r\n<li class=\"prozess\">Gezielte Fettreduzierung<\/li>\r\n<\/ul>[\/et_pb_text][\/et_pb_column][\/et_pb_row][\/et_pb_section][et_pb_section fb_built=\"1\" module_class=\"section-mitgliedschaften\" _builder_version=\"4.1\"][et_pb_row _builder_version=\"4.1\"][et_pb_column type=\"4_4\" _builder_version=\"4.1\"][et_pb_image src=\"https:\/\/zurichplastics.com\/wp-content\/uploads\/2021\/02\/logo-zurich-plastics-footer.png\" align=\"center\" _builder_version=\"4.1\"][\/et_pb_image][et_pb_text _builder_version=\"4.1\"]Griechische \u00c4sthetik, Deutsche Qualit\u00e4t und Schweizer Pr\u00e4zision.[\/et_pb_text][\/et_pb_column][\/et_pb_row][\/et_pb_section]","_et_gb_content_width":"","_crdt_document":"","inline_featured_image":false,"footnotes":""},"class_list":["post-423","page","type-page","status-publish","has-post-thumbnail","hentry"],"acf":[],"aioseo_notices":[],"jetpack_sharing_enabled":true,"jetpack_shortlink":"https:\/\/wp.me\/PgBsGD-6P","_links":{"self":[{"href":"https:\/\/zurichplastics.com\/en\/wp-json\/wp\/v2\/pages\/423","targetHints":{"allow":["GET"]}}],"collection":[{"href":"https:\/\/zurichplastics.com\/en\/wp-json\/wp\/v2\/pages"}],"about":[{"href":"https:\/\/zurichplastics.com\/en\/wp-json\/wp\/v2\/types\/page"}],"author":[{"embeddable":true,"href":"https:\/\/zurichplastics.com\/en\/wp-json\/wp\/v2\/users\/3"}],"replies":[{"embeddable":true,"href":"https:\/\/zurichplastics.com\/en\/wp-json\/wp\/v2\/comments?post=423"}],"version-history":[{"count":0,"href":"https:\/\/zurichplastics.com\/en\/wp-json\/wp\/v2\/pages\/423\/revisions"}],"up":[{"embeddable":true,"href":"https:\/\/zurichplastics.com\/en\/wp-json\/wp\/v2\/pages\/371"}],"wp:featuredmedia":[{"embeddable":true,"href":"https:\/\/zurichplastics.com\/en\/wp-json\/wp\/v2\/media\/623"}],"wp:attachment":[{"href":"https:\/\/zurichplastics.com\/en\/wp-json\/wp\/v2\/media?parent=423"}],"curies":[{"name":"wp","href":"https:\/\/api.w.org\/{rel}","templated":true}]}}