{"id":3027,"date":"2022-09-25T10:44:52","date_gmt":"2022-09-25T10:44:52","guid":{"rendered":"https:\/\/zurichplastics.com\/?post_type=product&#038;p=3027"},"modified":"2025-01-21T12:50:27","modified_gmt":"2025-01-21T12:50:27","slug":"retexturing-hyaluronsaeure-serum-skinceuticals","status":"publish","type":"product","link":"https:\/\/zurichplastics.com\/en\/produkt\/retexturing-hyaluronsaeure-serum-skinceuticals\/","title":{"rendered":"Retexturing Activator SkinCeuticals"},"content":{"rendered":"<p><strong>Hauttyp<\/strong>\u00a0<em>Normale Haut,\u00a0<\/em><em>Fettige Haut,\u00a0<\/em><em>Mischhaut,\u00a0<\/em><em>Trockene Haut,\u00a0<\/em><em>Empfindliche Haut<\/em><\/p>\n<p><strong>Hautzustand<\/strong>\u00a0<em>Aging,\u00a0<\/em><em>Hautunreinheiten,\u00a0<\/em><em>Pigmentverschiebung,\u00a0<\/em><em>Feuchtigkeitsmangel,\u00a0<\/em><em>Empfindliche Haut<\/em><\/p>\n<p>Das revolution\u00e4re Serum \u00fcbertrifft mit seiner 2-fach-Wirkung die Ergebnisse einer t\u00e4glichen Behandlung mit 20 % Glykols\u00e4ure. Es st\u00e4rkt die Hautschutzbarriere, versorgt die Haut intensiv mit Feuchtigkeit und schenkt ihr ein ebenm\u00e4ssig strahlendes Aussehen.<\/p>\n<p>&nbsp;<\/p>\n<ul>\n<li>Verbessert die Hauterneuerung, um eine deutlich glattere, zartere Oberfl\u00e4chentextur ans Licht zu bringen<\/li>\n<li>Stimuliert Enzyme, um die Verbindungen abgestorbener Zellen an der Hautoberfl\u00e4che zu l\u00f6sen und so Falten und F\u00e4ltchen zu gl\u00e4tten<\/li>\n<li>Beschleunigt die Zellerneuerung der Haut, um der Oberfl\u00e4che neue, vitale Ausstrahlung zu schenken<\/li>\n<li>Bringt den Feuchtigkeitshaushalt der Haut ins optimale Gleichgewicht<\/li>\n<li>St\u00e4rkt die nat\u00fcrliche Schutzbarriere der Haut<\/li>\n<\/ul>\n","protected":false},"excerpt":{"rendered":"<div>\n<p>Hautbild korrigierendes &amp; restrukturierendes Serum f\u00fcr eine glattere, ebenm\u00e4ssigere Haut.<\/p>\n<\/div>\n<div>\n<p>&nbsp;<\/p>\n<\/div>\n","protected":false},"featured_media":6545,"comment_status":"closed","ping_status":"closed","template":"","meta":{"_acf_changed":false,"_et_pb_use_builder":"","_et_pb_old_content":"","_et_gb_content_width":"","_crdt_document":"","inline_featured_image":false},"product_brand":[],"product_cat":[95,103,104,71],"product_tag":[],"class_list":{"0":"post-3027","1":"product","2":"type-product","3":"status-publish","4":"has-post-thumbnail","6":"product_cat-alle-produkte","7":"product_cat-hyaluronsaeure-seren","8":"product_cat-korrigierende-seren","9":"product_cat-serum","11":"first","12":"instock","13":"shipping-taxable","14":"purchasable","15":"product-type-simple"},"acf":[],"aioseo_notices":[],"jetpack_sharing_enabled":true,"_links":{"self":[{"href":"https:\/\/zurichplastics.com\/en\/wp-json\/wp\/v2\/product\/3027","targetHints":{"allow":["GET"]}}],"collection":[{"href":"https:\/\/zurichplastics.com\/en\/wp-json\/wp\/v2\/product"}],"about":[{"href":"https:\/\/zurichplastics.com\/en\/wp-json\/wp\/v2\/types\/product"}],"replies":[{"embeddable":true,"href":"https:\/\/zurichplastics.com\/en\/wp-json\/wp\/v2\/comments?post=3027"}],"wp:featuredmedia":[{"embeddable":true,"href":"https:\/\/zurichplastics.com\/en\/wp-json\/wp\/v2\/media\/6545"}],"wp:attachment":[{"href":"https:\/\/zurichplastics.com\/en\/wp-json\/wp\/v2\/media?parent=3027"}],"wp:term":[{"taxonomy":"product_brand","embeddable":true,"href":"https:\/\/zurichplastics.com\/en\/wp-json\/wp\/v2\/product_brand?post=3027"},{"taxonomy":"product_cat","embeddable":true,"href":"https:\/\/zurichplastics.com\/en\/wp-json\/wp\/v2\/product_cat?post=3027"},{"taxonomy":"product_tag","embeddable":true,"href":"https:\/\/zurichplastics.com\/en\/wp-json\/wp\/v2\/product_tag?post=3027"}],"curies":[{"name":"wp","href":"https:\/\/api.w.org\/{rel}","templated":true}]}}