{"id":3033,"date":"2022-09-25T10:47:06","date_gmt":"2022-09-25T10:47:06","guid":{"rendered":"https:\/\/zurichplastics.com\/?post_type=product&#038;p=3033"},"modified":"2025-10-15T14:26:01","modified_gmt":"2025-10-15T14:26:01","slug":"resveratrol-b-e-skinceuticals-ein-antioxidantien-konzentrat-fuer-die-nacht","status":"publish","type":"product","link":"https:\/\/zurichplastics.com\/en\/produkt\/resveratrol-b-e-skinceuticals-ein-antioxidantien-konzentrat-fuer-die-nacht\/","title":{"rendered":"Resveratrol B E SkinCeuticals"},"content":{"rendered":"<div class=\"product-details-module product-details__general-info\">\n<div class=\"product-details-module__content\">\n<div id=\"productDescription\" class=\"product-details__product-description\">\n<div>\n<div>\n<p><strong>HAUTTYPEN<\/strong><\/p>\n<div>\n<div>\n<div>Trocken<\/div>\n<\/div>\n<div>\n<div>Normal<\/div>\n<\/div>\n<div>\n<div>Mischhaut<\/div>\n<\/div>\n<div>\n<div>Sensitiv<\/div>\n<\/div>\n<\/div>\n<div>\n<p><strong>HAUTZUSTAND<\/strong><\/p>\n<div>\n<div>\n<p>Reife Haut<\/p>\n<\/div>\n<\/div>\n<\/div>\n<p>Mit zunehmendem Alter und sch\u00e4digenden Einfl\u00fcssen von au\u00dfen akkumuliert die Haut \u00fcberm\u00e4\u00dfige Sch\u00e4den durch freie Radikale und verliert ihre F\u00e4higkeit zur nat\u00fcrlichen effektiven Regeneration \u00fcber Nacht. Dieser kombinierte Effekt f\u00fchrt zu sichtbaren Zeichen von Sch\u00e4den, zum Beispiel zu dem Verlust von Ausstrahlung und Elastizit\u00e4t.<\/p>\n<p>Dieses antioxidative Nachtkonzentrat mit einer maximierten Konzentration von 1 % reinem, stabilem Resveratrol unterst\u00fctzt synergistisch mit 0,5 % Baicalin und 1 % Tocopherol (Vitamin E) das nat\u00fcrliche antioxidative Schutzsystem der Haut, um Ausstrahlung und Elastizit\u00e4t zu verbessern.<\/p>\n<ul>\n<li>Unterst\u00fctzt die nat\u00fcrliche Regeneration der Haut durch das Neutralisieren freier Radikale.<\/li>\n<li>Mindert die sichtbaren Zeichen beschleunigter Alterung.<\/li>\n<\/ul>\n<\/div>\n<\/div>\n<\/div>\n<\/div>\n<\/div>\n<div class=\"product-details-module product-details__product-like favorite-product\"><\/div>\n","protected":false},"excerpt":{"rendered":"<div>\n<p>Ein konzentriertes Gesichtsserum f\u00fcr die Nacht mit reinem, an Antioxidantien reichen Resveratrol, um Ausstrahlung und Festigkeit der Haut sichtbar zu verbessern<\/p>\n<\/div>\n<div>\n<div>\n<div>\n<div>\n<p>&nbsp;<\/p>\n<\/div>\n<\/div>\n<\/div>\n<\/div>\n","protected":false},"featured_media":6542,"comment_status":"closed","ping_status":"closed","template":"","meta":{"_acf_changed":false,"_et_pb_use_builder":"","_et_pb_old_content":"","_et_gb_content_width":"","_crdt_document":"","inline_featured_image":false},"product_brand":[],"product_cat":[95,71,102],"product_tag":[],"class_list":{"0":"post-3033","1":"product","2":"type-product","3":"status-publish","4":"has-post-thumbnail","6":"product_cat-alle-produkte","7":"product_cat-serum","8":"product_cat-vitamin-c-seren","10":"first","11":"instock","12":"shipping-taxable","13":"purchasable","14":"product-type-simple"},"acf":[],"aioseo_notices":[],"jetpack_sharing_enabled":true,"_links":{"self":[{"href":"https:\/\/zurichplastics.com\/en\/wp-json\/wp\/v2\/product\/3033","targetHints":{"allow":["GET"]}}],"collection":[{"href":"https:\/\/zurichplastics.com\/en\/wp-json\/wp\/v2\/product"}],"about":[{"href":"https:\/\/zurichplastics.com\/en\/wp-json\/wp\/v2\/types\/product"}],"replies":[{"embeddable":true,"href":"https:\/\/zurichplastics.com\/en\/wp-json\/wp\/v2\/comments?post=3033"}],"wp:featuredmedia":[{"embeddable":true,"href":"https:\/\/zurichplastics.com\/en\/wp-json\/wp\/v2\/media\/6542"}],"wp:attachment":[{"href":"https:\/\/zurichplastics.com\/en\/wp-json\/wp\/v2\/media?parent=3033"}],"wp:term":[{"taxonomy":"product_brand","embeddable":true,"href":"https:\/\/zurichplastics.com\/en\/wp-json\/wp\/v2\/product_brand?post=3033"},{"taxonomy":"product_cat","embeddable":true,"href":"https:\/\/zurichplastics.com\/en\/wp-json\/wp\/v2\/product_cat?post=3033"},{"taxonomy":"product_tag","embeddable":true,"href":"https:\/\/zurichplastics.com\/en\/wp-json\/wp\/v2\/product_tag?post=3033"}],"curies":[{"name":"wp","href":"https:\/\/api.w.org\/{rel}","templated":true}]}}