{"id":3113,"date":"2022-09-25T10:50:28","date_gmt":"2022-09-25T10:50:28","guid":{"rendered":"https:\/\/zurichplastics.com\/?post_type=product&#038;p=3113"},"modified":"2025-10-29T11:57:02","modified_gmt":"2025-10-29T11:57:02","slug":"blemish-age-defence-serum-anti-aging-skinceuticals","status":"publish","type":"product","link":"https:\/\/zurichplastics.com\/en\/produkt\/blemish-age-defence-serum-anti-aging-skinceuticals\/","title":{"rendered":"Blemish + Age Defense SkinCeuticals"},"content":{"rendered":"<header>Das hocheffiziente Serum Blemish + Age Defense hilft gegen Hautunreinheiten, inklusiv Akne, und bietet zus\u00e4tzlich einen sichtbaren Anti-Aging Effekt. Der Teint erscheint ebenm\u00e4ssiger, akute R\u00f6tungen werden sichtbar reduziert.<\/header>\n<div>\n<p><strong>Hauttyp<\/strong>:\u00a0<em>Fettige Haut,\u00a0<\/em><em>Mischhaut<\/em><\/p>\n<p><strong>Hautzustand<\/strong>:\u00a0<em>Aging,\u00a0<\/em><em>Hautunreinheiten<\/em><\/p>\n<p>&nbsp;<\/p>\n<\/div>\n<ul>\n<li>Verringert \u00fcberm\u00e4ssige Talgproduktion<\/li>\n<li>Hemmt das Wachstum von Akne-Bakterien<\/li>\n<li>Mindert Flecken und Unregelm\u00e4ssigkeiten und sorgt f\u00fcr ebenm\u00e4ssigen Teint<\/li>\n<li>Befreit verstopfte Poren<\/li>\n<li>Mindert sichtbare Zeichen von Hautalterung<\/li>\n<\/ul>\n","protected":false},"excerpt":{"rendered":"<header>\u00d6l-freies Serum gegen unreine Haut bei Erwachsenen und gegen Zeichen von Hautalterung. Die neuartige Kombination von 2 % Dioic Acid mit Alpha- und Beta-Hydroxys\u00e4uren sowie Salicyls\u00e4ure beugt Akne vor, mindert Entz\u00fcndungen und Irritationen und gl\u00e4ttet Linien und F\u00e4ltchen.<\/p>\n<\/header>\n<header><\/header>\n<div>\n<p>&nbsp;<\/p>\n<\/div>\n","protected":false},"featured_media":6727,"comment_status":"closed","ping_status":"closed","template":"","meta":{"_acf_changed":false,"_et_pb_use_builder":"","_et_pb_old_content":"","_et_gb_content_width":"","_crdt_document":"","inline_featured_image":false},"product_brand":[],"product_cat":[85,104,71],"product_tag":[],"class_list":{"0":"post-3113","1":"product","2":"type-product","3":"status-publish","4":"has-post-thumbnail","6":"product_cat-akne","7":"product_cat-korrigierende-seren","8":"product_cat-serum","10":"first","11":"instock","12":"shipping-taxable","13":"purchasable","14":"product-type-simple"},"acf":[],"aioseo_notices":[],"jetpack_sharing_enabled":true,"_links":{"self":[{"href":"https:\/\/zurichplastics.com\/en\/wp-json\/wp\/v2\/product\/3113","targetHints":{"allow":["GET"]}}],"collection":[{"href":"https:\/\/zurichplastics.com\/en\/wp-json\/wp\/v2\/product"}],"about":[{"href":"https:\/\/zurichplastics.com\/en\/wp-json\/wp\/v2\/types\/product"}],"replies":[{"embeddable":true,"href":"https:\/\/zurichplastics.com\/en\/wp-json\/wp\/v2\/comments?post=3113"}],"wp:featuredmedia":[{"embeddable":true,"href":"https:\/\/zurichplastics.com\/en\/wp-json\/wp\/v2\/media\/6727"}],"wp:attachment":[{"href":"https:\/\/zurichplastics.com\/en\/wp-json\/wp\/v2\/media?parent=3113"}],"wp:term":[{"taxonomy":"product_brand","embeddable":true,"href":"https:\/\/zurichplastics.com\/en\/wp-json\/wp\/v2\/product_brand?post=3113"},{"taxonomy":"product_cat","embeddable":true,"href":"https:\/\/zurichplastics.com\/en\/wp-json\/wp\/v2\/product_cat?post=3113"},{"taxonomy":"product_tag","embeddable":true,"href":"https:\/\/zurichplastics.com\/en\/wp-json\/wp\/v2\/product_tag?post=3113"}],"curies":[{"name":"wp","href":"https:\/\/api.w.org\/{rel}","templated":true}]}}