{"id":4978,"date":"2022-09-25T10:49:51","date_gmt":"2023-10-12T14:09:53","guid":{"rendered":"https:\/\/zurichplastics.com\/?post_type=product&#038;p=4978"},"modified":"2023-10-12T14:12:00","modified_gmt":"2023-10-12T14:12:00","slug":"h-a-intensifier-anti-aging-serum-skinceuticals","status":"publish","type":"product","link":"https:\/\/zurichplastics.com\/en\/produkt\/h-a-intensifier-anti-aging-serum-skinceuticals\/","title":{"rendered":"H.A. INTENSIFIER Anti-Aging-Serum SkinCeuticals"},"content":{"rendered":"<p>H.A. Intensifier is a versatile corrective serum that has been proven to boost the skin&#8217;s hyaluronic acid content.<br \/>\nThis unique formulation of the hyaluronic serum contains a high concentration of pure hyaluronic acid, Proxylan, and botanical extracts from licorice root and purple rice, which support your skin&#8217;s hyaluronic acid content and hydrate the skin&#8217;s surface, making it look firmer, smoother, and more plump.<\/p>\n<ul>\n<li>Boosts the skin&#8217;s hyaluronic acid content<\/li>\n<li>Reduces the appearance of crow&#8217;s feet, nasolabial folds, and marionette lines for smoother, firmer skin<\/li>\n<li>Provides long-lasting hydration for a visible improvement in skin texture<\/li>\n<li>Unique serum-gel texture for smoother skin<\/li>\n<li>Ideal for all skin types<\/li>\n<\/ul>\n","protected":false},"excerpt":{"rendered":"<p>Hyaluronic acid for wrinkles is one of the most effective means for smooth skin. Thanks to H.A. Intensifier, your skin looks more cared for and fresher.<\/p>\n<div>The corrective hyaluronic acid serum with a multimodal formulation contains not only high molecular weight, but also fragmented and encapsulated hyaluronic acid, optimally and lastingly hydrating your skin&#8217;s surface. The improved skin hydration also results in smoother skin and can mitigate signs of skin aging such as wrinkles. Volume, elasticity, and firmness of the skin are improved, the appearance of crow&#8217;s feet, nasolabial folds, and marionette lines is reduced, and your complexion visibly smoother.<\/div>\n<div>\n<div>\n<p><strong>SKIN TYPES<\/strong><\/p>\n<div>\n<div>\n<div>Dry<\/div>\n<\/div>\n<div>\n<div>Normal<\/div>\n<\/div>\n<div>\n<div>Oily<\/div>\n<\/div>\n<div>\n<div>Combination<\/div>\n<\/div>\n<div>\n<div>Sensitive<\/div>\n<\/div>\n<\/div>\n<\/div>\n<div>\n<p><strong>SKIN CONDITION<\/strong><\/p>\n<div>\n<div>\n<div>Dry Skin<\/div>\n<\/div>\n<div>\n<div>Mature Skin<\/div>\n<\/div>\n<\/div>\n<\/div>\n<\/div>\n","protected":false},"featured_media":3018,"comment_status":"closed","ping_status":"closed","template":"","meta":{"_acf_changed":false,"_et_pb_use_builder":"","_et_pb_old_content":"H.A. Intensifier ist ein vielseitiges Korrekturserum, das den Hyalurons\u00e4uregehalt der Haut nachweislich steigert.\r\nDiese einzigartige Formulierung des Hyaluron-Serums enth\u00e4lt eine hohe Konzentration an reiner Hyalurons\u00e4ure, Proxylan und pflanzlichen Extrakten aus S\u00fc\u00dfholzwurzel und lila Reis, mit denen Sie den Hyalurons\u00e4ure-Gehalt Ihrer Haut unterst\u00fctzen und die Hautoberfl\u00e4che mit Feuchtigkeit versorgen, damit sie fester, glatter und praller wirkt.\r\n<ul>\r\n \t<li>Steigert den Hyalurons\u00e4ure-Gehalt der Haut<\/li>\r\n \t<li>Mindert das Erscheinungsbild von Kr\u00e4henf\u00fc\u00dfen, Nasolabialfalten und Marionettenfalten f\u00fcr glattere, festere Haut<\/li>\r\n \t<li>Spendet langanhaltend Feuchtigkeit f\u00fcr eine sichtbare Verbesserung der Hautstruktur<\/li>\r\n \t<li>Einzigartige Serum-Gel-Textur f\u00fcr glattere Haut<\/li>\r\n \t<li>Ideal f\u00fcr alle Hauttypen<\/li>\r\n<\/ul>","_et_gb_content_width":"","_crdt_document":"","inline_featured_image":false},"product_brand":[],"product_cat":[110,109,122,107],"product_tag":[],"class_list":{"0":"post-4978","1":"product","2":"type-product","3":"status-publish","4":"has-post-thumbnail","6":"product_cat-all-products-en","7":"product_cat-bestseller-en","8":"product_cat-hyaluronic-acid-serums","9":"product_cat-serum-en","11":"first","12":"outofstock","13":"shipping-taxable","14":"purchasable","15":"product-type-simple"},"acf":[],"aioseo_notices":[],"jetpack_sharing_enabled":true,"_links":{"self":[{"href":"https:\/\/zurichplastics.com\/en\/wp-json\/wp\/v2\/product\/4978","targetHints":{"allow":["GET"]}}],"collection":[{"href":"https:\/\/zurichplastics.com\/en\/wp-json\/wp\/v2\/product"}],"about":[{"href":"https:\/\/zurichplastics.com\/en\/wp-json\/wp\/v2\/types\/product"}],"replies":[{"embeddable":true,"href":"https:\/\/zurichplastics.com\/en\/wp-json\/wp\/v2\/comments?post=4978"}],"wp:featuredmedia":[{"embeddable":true,"href":"https:\/\/zurichplastics.com\/en\/wp-json\/wp\/v2\/media\/3018"}],"wp:attachment":[{"href":"https:\/\/zurichplastics.com\/en\/wp-json\/wp\/v2\/media?parent=4978"}],"wp:term":[{"taxonomy":"product_brand","embeddable":true,"href":"https:\/\/zurichplastics.com\/en\/wp-json\/wp\/v2\/product_brand?post=4978"},{"taxonomy":"product_cat","embeddable":true,"href":"https:\/\/zurichplastics.com\/en\/wp-json\/wp\/v2\/product_cat?post=4978"},{"taxonomy":"product_tag","embeddable":true,"href":"https:\/\/zurichplastics.com\/en\/wp-json\/wp\/v2\/product_tag?post=4978"}],"curies":[{"name":"wp","href":"https:\/\/api.w.org\/{rel}","templated":true}]}}